{"id":91,"date":"2018-06-26T15:18:51","date_gmt":"2018-06-26T13:18:51","guid":{"rendered":"http:\/\/drmeunier.testwork.be\/?page_id=91"},"modified":"2020-04-29T13:52:05","modified_gmt":"2020-04-29T11:52:05","slug":"etudes","status":"publish","type":"page","link":"https:\/\/www.drmeunier.be\/fr\/etudes\/","title":{"rendered":"\u00c9tudes"},"content":{"rendered":"<div class=\"wpb-content-wrapper\"><p>[vc_row padding_top_multiplier=\u00a0\u00bb3x\u00a0\u00bb padding_bottom_multiplier=\u00a0\u00bb2x\u00a0\u00bb][vc_column]<h3 class=\"grve-element grve-title grve-align-center grve-animated-item grve-duration-normal grve-fade-in-up grve-h6\" style=\"\" data-delay=\"800\"><span><br>\n<p style=\"text-align: center;\">\u00c9tant donn\u00e9 son expertise,<br \/>\nDr Meunier collabore r\u00e9guli\u00e8rement \u00e0 des \u00e9tudes scientifiques qui pourraient vous int\u00e9resser.<br>\n<span class=\"grve-title-line grve-bg-primary-1\" style=\"width: 50px;height: 2px;\"><\/span><\/span><\/h3>[\/vc_column][\/vc_row][vc_row heading_color=\u00a0\u00bbprimary-1&Prime; padding_top_multiplier=\u00a0\u00bb\u00a0\u00bb padding_bottom_multiplier=\u00a0\u00bb\u00a0\u00bb columns_gap=\u00a0\u00bb60&Prime; equal_column_height=\u00a0\u00bbmiddle-content\u00a0\u00bb][vc_column width=\u00a0\u00bb1\/3&Prime; css=\u00a0\u00bb.vc_custom_1530027712420{padding-bottom: 30px !important;}\u00a0\u00bb]<h3 class=\"grve-element grve-title grve-align-left grve-animated-item grve-duration-normal grve-fade-in-up grve-h6\" style=\"\" data-delay=\"600\"><span><span class=\"grve-text-primary-1\">01. <\/span>\u00c9tudes reconnues et approuv\u00e9es<\/span><\/h3>[vc_column_text animation=\u00a0\u00bbgrve-fade-in-up\u00a0\u00bb animation_delay=\u00a0\u00bb500&Prime;]Ces \u00e9tudes sont reconnues et approuv\u00e9es. C\u2019est au cours de la consultation que le docteur Meunier vous dira si vous \u00eates \u00e9ligibles pour \u00eatre inclus dans l\u2019\u00e9tude.[\/vc_column_text][\/vc_column][vc_column width=\u00a0\u00bb1\/3&Prime; css=\u00a0\u00bb.vc_custom_1530027703748{padding-bottom: 30px !important;}\u00a0\u00bb]<h3 class=\"grve-element grve-title grve-align-left grve-animated-item grve-duration-normal grve-fade-in-up grve-h6\" style=\"\" data-delay=\"800\"><span><span class=\"grve-text-primary-1\">02. <\/span>Un rendez-vous pour en discuter?<\/span><\/h3>[vc_column_text animation=\u00a0\u00bbgrve-fade-in-up\u00a0\u00bb animation_delay=\u00a0\u00bb900&Prime;]Veuillez remplir le formulaire ci-dessous en cliquant sur les \u00e9tudes qui vous int\u00e9ressent. Le secr\u00e9tariat se fera un plaisir de vous recontacter pour vous proposer un rendez-vous.[\/vc_column_text][\/vc_column][vc_column width=\u00a0\u00bb1\/3&Prime; css=\u00a0\u00bb.vc_custom_1530027718874{padding-bottom: 30px !important;}\u00a0\u00bb]<h3 class=\"grve-element grve-title grve-align-left grve-animated-item grve-duration-normal grve-fade-in-up grve-h6\" style=\"\" data-delay=\"1000\"><span><span class=\"grve-text-primary-1\">03. <\/span>Consultation \u00e0 votre charge<\/span><\/h3>[vc_column_text animation=\u00a0\u00bbgrve-fade-in-up\u00a0\u00bb animation_delay=\u00a0\u00bb1100&Prime;]Apportez l\u2019ensemble de votre dossier m\u00e9dical ainsi que vos prises de sang \u00e9ventuelles.<strong><br \/>\n<\/strong><em>Il ne s\u2019agit pas d\u2019\u00e9tude r\u00e9mun\u00e9r\u00e9e. Le prix de la consultation est \u00e0 votre charge.<\/em>[\/vc_column_text][\/vc_column][\/vc_row][vc_row padding_bottom_multiplier=\u00a0\u00bb3x\u00a0\u00bb][vc_column]<div class=\"grve-element grve-divider\" style=\"padding-bottom: 60px;\"><div class=\"grve-dashed-line-divider grve-border\"><\/div><\/div>[vc_column_text]<div class=\"frm_forms \" id=\"frm_form_2_container\" >\n<form enctype=\"multipart\/form-data\" method=\"post\" class=\"frm-show-form  frm_js_validate  frm_ajax_submit  frm_pro_form \" id=\"form_etudes-fr\" >\n<div class=\"frm_form_fields \">\n<fieldset>\n<legend class=\"frm_screen_reader\">Etudes-fr<\/legend>\r\n\r\n<div class=\"frm_fields_container\">\n<input type=\"hidden\" name=\"frm_action\" value=\"create\" \/>\n<input type=\"hidden\" name=\"form_id\" value=\"2\" \/>\n<input type=\"hidden\" name=\"frm_hide_fields_2\" id=\"frm_hide_fields_2\" value=\"\" \/>\n<input type=\"hidden\" name=\"form_key\" value=\"etudes-fr\" \/>\n<input type=\"hidden\" name=\"item_meta[0]\" value=\"\" \/>\n<input type=\"hidden\" id=\"frm_submit_entry_2\" name=\"frm_submit_entry_2\" value=\"4e5e1d0e36\" \/><input type=\"hidden\" name=\"_wp_http_referer\" value=\"\/fr\/wp-json\/wp\/v2\/pages\/91\" \/><div id=\"frm_field_6_container\" class=\"frm_form_field form-field  frm_required_field frm_top_container frm_half frm_first\">\r\n    <label for=\"field_qh4icy2\" class=\"frm_primary_label\">Pr\u00e9nom\r\n        <span class=\"frm_required\">*<\/span>\r\n    <\/label>\r\n    <input type=\"text\" id=\"field_qh4icy2\" name=\"item_meta[6]\" value=\"\"  data-reqmsg=\"Ce champ ne peut pas \u00eatre vide\" aria-required=\"true\" data-invmsg=\"Name est non valide\" aria-invalid=\"false\"  \/>\r\n    \r\n    \r\n<\/div>\n<div id=\"frm_field_7_container\" class=\"frm_form_field form-field  frm_required_field frm_top_container frm_half frm_last\">\r\n    <label for=\"field_ocfup12\" class=\"frm_primary_label\">Nom\r\n        <span class=\"frm_required\">*<\/span>\r\n    <\/label>\r\n    <input type=\"text\" id=\"field_ocfup12\" name=\"item_meta[7]\" value=\"\"  data-reqmsg=\"Ce champ ne peut pas \u00eatre vide\" aria-required=\"true\" data-invmsg=\"Last est non valide\" aria-invalid=\"false\"  \/>\r\n    \r\n    \r\n<\/div>\n<div id=\"frm_field_67_container\" class=\"frm_form_field form-field  frm_required_field frm_top_container frm_half frm_first\">\r\n    <label for=\"field_wpc53\" class=\"frm_primary_label\">Date de naissance\r\n        <span class=\"frm_required\">*<\/span>\r\n    <\/label>\r\n    <input type=\"text\" id=\"field_wpc53\" name=\"item_meta[67]\" value=\"\"  maxlength=\"10\" data-reqmsg=\"Ce champ ne peut pas \u00eatre vide\" aria-required=\"true\" data-invmsg=\"Date non valide\" class=\"frm_date\" aria-invalid=\"false\"  \/>\r\n    \r\n    \r\n<\/div>\n<div id=\"frm_field_8_container\" class=\"frm_form_field form-field  frm_required_field frm_top_container frm_half frm_last\">\r\n    <label for=\"field_29yf4d2\" class=\"frm_primary_label\">Adresse email\r\n        <span class=\"frm_required\">*<\/span>\r\n    <\/label>\r\n    <input type=\"email\" id=\"field_29yf4d2\" name=\"item_meta[8]\" value=\"\"  data-reqmsg=\"Ce champ ne peut pas \u00eatre vide\" aria-required=\"true\" data-invmsg=\"Veuillez encoder une adresse email valide.\" aria-invalid=\"false\"  \/>\r\n    \r\n    \r\n<\/div>\n<div id=\"frm_field_91_container\" class=\"frm_form_field form-field  frm_required_field frm_top_container frm_full horizontal_radio\">\r\n    <label for=\"field_wzc1h\" class=\"frm_primary_label\">Je souhaite participer \u00e0\/aux \u00e9tude(s) suivante(s):\r\n        <span class=\"frm_required\">*<\/span>\r\n    <\/label>\r\n    <div class=\"frm_opt_container\">\t\t<div class=\"frm_checkbox\" id=\"frm_checkbox_91-0\">\t\t\t<label  for=\"field_wzc1h-0\">\n\t\t\t<input type=\"checkbox\" name=\"item_meta[91][]\" id=\"field_wzc1h-0\" value=\"Leros - a LHON study. &lt;a href=&quot;\/wp-content\/uploads\/2018\/07\/LEROS-a-Lhon-Study.pdf&quot; target=&quot;_blank&quot;&gt;T\u00e9l\u00e9chargez la brochure ici&lt;\/a&gt;.\"  data-reqmsg=\"Choisissez au moins une \u00e9tude.\" data-invmsg=\"Je souhaite participer \u00e0\/aux \u00e9tude(s) suivante(s): est non valide\" aria-invalid=\"false\"   aria-required=\"true\"  \/> Leros - a LHON study. <a href=\"\/wp-content\/uploads\/2018\/07\/LEROS-a-Lhon-Study.pdf\" target=\"_blank\">T\u00e9l\u00e9chargez la brochure ici<\/a>.<\/label><\/div>\n<\/div>\r\n    \r\n    \r\n<\/div>\n<div id=\"frm_field_77_container\" class=\"frm_form_field frm_section_heading form-field \">\r\n<h3 class=\"frm_pos_top frm_section_spacing\">Votre adresse<\/h3>\r\n\r\n\r\n<div id=\"frm_field_79_container\" class=\"frm_form_field form-field  frm_required_field frm_top_container frm_half frm_first\">\r\n    <label for=\"field_hklqd\" class=\"frm_primary_label\">Rue\r\n        <span class=\"frm_required\">*<\/span>\r\n    <\/label>\r\n    <input type=\"text\" id=\"field_hklqd\" name=\"item_meta[79]\" value=\"\"  data-sectionid=\"77\"  data-reqmsg=\"Ce champ ne peut pas \u00eatre vide\" aria-required=\"true\" data-invmsg=\"texte est non valide\" aria-invalid=\"false\"  \/>\r\n    \r\n    \r\n<\/div>\n<div id=\"frm_field_80_container\" class=\"frm_form_field form-field  frm_required_field frm_top_container frm_fourth frm_third\">\r\n    <label for=\"field_3ese6\" class=\"frm_primary_label\">Num\u00e9ro\r\n        <span class=\"frm_required\">*<\/span>\r\n    <\/label>\r\n    <input type=\"number\" id=\"field_3ese6\" name=\"item_meta[80]\" value=\"\"  data-sectionid=\"77\"  data-reqmsg=\"Ce champ ne peut pas \u00eatre vide\" aria-required=\"true\" data-invmsg=\"Num\u00e9ro non valide.\" aria-invalid=\"false\"   min=\"0\" max=\"9999999\" step=\"any\"\/>\r\n    \r\n    \r\n<\/div>\n<div id=\"frm_field_81_container\" class=\"frm_form_field form-field  frm_top_container frm_fourth frm_last\">\r\n    <label for=\"field_9s9th\" class=\"frm_primary_label\">Bo\u00eete\r\n        <span class=\"frm_required\"><\/span>\r\n    <\/label>\r\n    <input type=\"text\" id=\"field_9s9th\" name=\"item_meta[81]\" value=\"\"  data-sectionid=\"77\"  data-invmsg=\"texte est non valide\" aria-invalid=\"false\"  \/>\r\n    \r\n    \r\n<\/div>\n<div id=\"frm_field_83_container\" class=\"frm_form_field form-field  frm_required_field frm_top_container frm_fourth frm_first\">\r\n    <label for=\"field_ijg9o\" class=\"frm_primary_label\">Code postal\r\n        <span class=\"frm_required\">*<\/span>\r\n    <\/label>\r\n    <input type=\"number\" id=\"field_ijg9o\" name=\"item_meta[83]\" value=\"\"  data-sectionid=\"77\"  data-reqmsg=\"Ce champ ne peut pas \u00eatre vide\" aria-required=\"true\" data-invmsg=\"Code postal non valide\" aria-invalid=\"false\"   min=\"0\" max=\"9999999\" step=\"any\"\/>\r\n    \r\n    \r\n<\/div>\n<div id=\"frm_field_82_container\" class=\"frm_form_field form-field  frm_required_field frm_top_container frm_fourth\">\r\n    <label for=\"field_jsbzf\" class=\"frm_primary_label\">Ville\r\n        <span class=\"frm_required\">*<\/span>\r\n    <\/label>\r\n    <input type=\"text\" id=\"field_jsbzf\" name=\"item_meta[82]\" value=\"\"  data-sectionid=\"77\"  data-reqmsg=\"Ce champ ne peut pas \u00eatre vide\" aria-required=\"true\" data-invmsg=\"texte est non valide\" aria-invalid=\"false\"  \/>\r\n    \r\n    \r\n<\/div>\n<\/div>\n<div id=\"frm_field_69_container\" class=\"frm_form_field form-field  frm_required_field frm_top_container frm_fourth\">\r\n    <label for=\"field_lsr1p\" class=\"frm_primary_label\">Num\u00e9ro de t\u00e9l\u00e9phone\r\n        <span class=\"frm_required\">*<\/span>\r\n    <\/label>\r\n    <input type=\"tel\" id=\"field_lsr1p\" name=\"item_meta[69]\" value=\"\"  data-reqmsg=\"Ce champ ne peut pas \u00eatre vide\" aria-required=\"true\" data-invmsg=\"Le num\u00e9ro de t\u00e9l\u00e9phone n&#039;est pas valide.\" aria-invalid=\"false\" pattern=\"((\\+\\d{1,3}(-|.| )?\\(?\\d\\)?(-| |.)?\\d{1,5})|(\\(?\\d{2,6}\\)?))(-|.| )?(\\d{3,4})(-|.| )?(\\d{4})(( x| ext)\\d{1,5}){0,1}$\"  \/>\r\n    \r\n    \r\n<\/div>\n<div id=\"frm_field_89_container\" class=\"frm_form_field form-field  frm_required_field frm_top_container frm_fourth  frm_last horizontal_radio\">\r\n    <label for=\"field_orn4\" class=\"frm_primary_label\">J'ai une mutuelle en Belgique\r\n        <span class=\"frm_required\">*<\/span>\r\n    <\/label>\r\n    <div class=\"frm_opt_container\">\t\t<div class=\"frm_radio\" id=\"frm_radio_89-0\">\t\t\t<label  for=\"field_orn4-0\">\n\t\t\t\t\t<input type=\"radio\" name=\"item_meta[89]\" id=\"field_orn4-0\" value=\"Oui\"\n\t\t   data-reqmsg=\"Ce champ ne peut pas \u00eatre vide\" data-invmsg=\"J&#039;ai une mutuelle en Belgique est non valide\" aria-invalid=\"false\"  \/> Oui<\/label><\/div>\n\t\t<div class=\"frm_radio\" id=\"frm_radio_89-1\">\t\t\t<label  for=\"field_orn4-1\">\n\t\t\t\t\t<input type=\"radio\" name=\"item_meta[89]\" id=\"field_orn4-1\" value=\"Non\"\n\t\t   data-reqmsg=\"Ce champ ne peut pas \u00eatre vide\" data-invmsg=\"J&#039;ai une mutuelle en Belgique est non valide\" aria-invalid=\"false\"  \/> Non<\/label><\/div>\n<\/div>\r\n    \r\n    \r\n<\/div>\n<div id=\"frm_field_100_container\" class=\"frm_form_field  frm_html_container form-field\">\n<div style=\"clear:both;\"><\/div>\n<\/div>\n<div id=\"frm_field_92_container\" class=\"frm_form_field form-field  frm_required_field frm_hidden_container frm_full vertical_radio\">\r\n    <label for=\"field_7mcu0\" class=\"frm_primary_label\">Case \u00e0 cocher1\r\n        <span class=\"frm_required\">*<\/span>\r\n    <\/label>\r\n    <div class=\"frm_opt_container\">\t\t<div class=\"frm_checkbox\" id=\"frm_checkbox_92-0\">\t\t\t<label  for=\"field_7mcu0-0\">\n\t\t\t<input type=\"checkbox\" name=\"item_meta[92][]\" id=\"field_7mcu0-0\" value=\"Je d\u00e9sire \u00eatre contact\u00e9 pour qu&#039;un rendez-vous me soit donn\u00e9 \u00e0 la consultation du Dr Meunier.\"  data-reqmsg=\"Nous avons besoin de votre accord pour vous recontacter.\" data-invmsg=\"Case \u00e0 cocher1 est non valide\" aria-invalid=\"false\"   aria-required=\"true\"  \/> Je d\u00e9sire \u00eatre contact\u00e9 pour qu'un rendez-vous me soit donn\u00e9 \u00e0 la consultation du Dr Meunier.<\/label><\/div>\n<\/div>\r\n    <div class=\"frm_description\" id=\"frm_desc_field_7mcu0\">Lors de la consultation, le m\u00e9decin regardera si vous correspondez aux crit\u00e8res d'inclusion. Si c'est le cas et que vous souhaitez participer, le docteur vous expliquera le protocole de l'\u00e9tude (fr\u00e9quence et lieux de consultations) qui ont souvent lieu dans des h\u00f4pitaux universitaires.<\/div>\r\n    \r\n<\/div>\n<div id=\"frm_field_93_container\" class=\"frm_form_field form-field  frm_required_field frm_none_container frm_full vertical_radio\">\r\n    <label for=\"field_xrv6l\" class=\"frm_primary_label\">Case \u00e0 cocher2\r\n        <span class=\"frm_required\">*<\/span>\r\n    <\/label>\r\n    <div class=\"frm_opt_container\">\t\t<div class=\"frm_checkbox\" id=\"frm_checkbox_93-0\">\t\t\t<label  for=\"field_xrv6l-0\">\n\t\t\t<input type=\"checkbox\" name=\"item_meta[93][]\" id=\"field_xrv6l-0\" value=\"J&#039;ai compris que pour ce premier rendez-vous, les frais de d\u00e9placement et de consultation sont \u00e0 ma charge.\"  data-reqmsg=\"\u00cates-vous bien conscient que ce premier rendez-vous est \u00e0 votre charge ?\" data-invmsg=\"Case \u00e0 cocher2 est non valide\" aria-invalid=\"false\"   aria-required=\"true\"  \/> J'ai compris que pour ce premier rendez-vous, les frais de d\u00e9placement et de consultation sont \u00e0 ma charge.<\/label><\/div>\n<\/div>\r\n    \r\n    \r\n<\/div>\n<div id=\"frm_field_94_container\" class=\"frm_form_field form-field  frm_required_field frm_none_container frm_full vertical_radio\">\r\n    <label for=\"field_er1wr\" class=\"frm_primary_label\">Case \u00e0 cocher3\r\n        <span class=\"frm_required\">*<\/span>\r\n    <\/label>\r\n    <div class=\"frm_opt_container\">\t\t<div class=\"frm_checkbox\" id=\"frm_checkbox_94-0\">\t\t\t<label  for=\"field_er1wr-0\">\n\t\t\t<input type=\"checkbox\" name=\"item_meta[94][]\" id=\"field_er1wr-0\" value=\"J\u2019autorise Dr Audrey Meunier \u00e0 traiter mes donn\u00e9es \u00e0 caract\u00e8re personnel. Consultez &lt;a href=&quot;\/fr\/politique-confidentialite\/&quot; target=&quot;_blank&quot;&gt;ici&lt;\/a&gt; notre politique de confidentialit\u00e9.\"  data-reqmsg=\"Nous avons besoin de votre consentement pour traiter vos donn\u00e9es \u00e0 caract\u00e8re personnel.\" data-invmsg=\"Case \u00e0 cocher3 est non valide\" aria-invalid=\"false\"   aria-required=\"true\"  \/> J\u2019autorise Dr Audrey Meunier \u00e0 traiter mes donn\u00e9es \u00e0 caract\u00e8re personnel. Consultez <a href=\"\/fr\/politique-confidentialite\/\" target=\"_blank\">ici<\/a> notre politique de confidentialit\u00e9.<\/label><\/div>\n<\/div>\r\n    \r\n    \r\n<\/div>\n<div id=\"frm_field_102_container\" class=\"frm_form_field form-field  frm_none_container\">\n    <label for=\"g-recaptcha-response\" id=\"field_pg5f6_label\" class=\"frm_primary_label\">reCAPTCHA\n        <span class=\"frm_required\" aria-hidden=\"true\"><\/span>\n    <\/label>\n    <div  id=\"field_pg5f6\" class=\"g-recaptcha\" data-sitekey=\"6LeEYl4UAAAAAF6g2yoVp3qTxHrkBhzjCneE7uwC\" data-size=\"normal\" data-theme=\"light\"><\/div>\n    \n    \n<\/div>\n\t<input type=\"hidden\" name=\"item_key\" value=\"\" \/>\n\t<input name=\"frm_state\" type=\"hidden\" value=\"gdZ478Ad712yg8KPbsYtG0JjZgEW4L7wDHBOrgg+3cU=\" \/><div class=\"frm_submit\">\r\n\r\n<button class=\"frm_button_submit frm_final_submit\" type=\"submit\"   formnovalidate=\"formnovalidate\">Envoyer<\/button>\r\n\r\n<\/div><\/div>\n<\/fieldset>\n<\/div>\n\n<\/form>\n<\/div>\n[\/vc_column_text][\/vc_column][\/vc_row]<\/p>\n<\/div>","protected":false},"excerpt":{"rendered":"<p>[vc_row padding_top_multiplier=\u00a0\u00bb3x\u00a0\u00bb padding_bottom_multiplier=\u00a0\u00bb2x\u00a0\u00bb][vc_column][\/vc_column][\/vc_row][vc_row heading_color=\u00a0\u00bbprimary-1&Prime; padding_top_multiplier=\u00a0\u00bb\u00a0\u00bb padding_bottom_multiplier=\u00a0\u00bb\u00a0\u00bb columns_gap=\u00a0\u00bb60&Prime; equal_column_height=\u00a0\u00bbmiddle-content\u00a0\u00bb][vc_column width=\u00a0\u00bb1\/3&Prime; css=\u00a0\u00bb.vc_custom_1530027712420{padding-bottom: 30px !important;}\u00a0\u00bb][vc_column_text animation=\u00a0\u00bbgrve-fade-in-up\u00a0\u00bb animation_delay=\u00a0\u00bb500&Prime;]Ces \u00e9tudes sont reconnues et approuv\u00e9es. C\u2019est au cours de la consultation que le docteur Meunier vous dira si vous \u00eates \u00e9ligibles pour \u00eatre inclus dans l\u2019\u00e9tude.[\/vc_column_text][\/vc_column][vc_column width=\u00a0\u00bb1\/3&Prime; css=\u00a0\u00bb.vc_custom_1530027703748{padding-bottom: 30px !important;}\u00a0\u00bb][vc_column_text animation=\u00a0\u00bbgrve-fade-in-up\u00a0\u00bb animation_delay=\u00a0\u00bb900&Prime;]Veuillez remplir le formulaire ci-dessous en cliquant sur les \u00e9tudes [&hellip;]<\/p>\n","protected":false},"author":1,"featured_media":0,"parent":0,"menu_order":0,"comment_status":"closed","ping_status":"closed","template":"","meta":{"inline_featured_image":false,"footnotes":""},"class_list":["post-91","page","type-page","status-publish","hentry"],"_links":{"self":[{"href":"https:\/\/www.drmeunier.be\/fr\/wp-json\/wp\/v2\/pages\/91","targetHints":{"allow":["GET"]}}],"collection":[{"href":"https:\/\/www.drmeunier.be\/fr\/wp-json\/wp\/v2\/pages"}],"about":[{"href":"https:\/\/www.drmeunier.be\/fr\/wp-json\/wp\/v2\/types\/page"}],"author":[{"embeddable":true,"href":"https:\/\/www.drmeunier.be\/fr\/wp-json\/wp\/v2\/users\/1"}],"replies":[{"embeddable":true,"href":"https:\/\/www.drmeunier.be\/fr\/wp-json\/wp\/v2\/comments?post=91"}],"version-history":[{"count":54,"href":"https:\/\/www.drmeunier.be\/fr\/wp-json\/wp\/v2\/pages\/91\/revisions"}],"predecessor-version":[{"id":659,"href":"https:\/\/www.drmeunier.be\/fr\/wp-json\/wp\/v2\/pages\/91\/revisions\/659"}],"wp:attachment":[{"href":"https:\/\/www.drmeunier.be\/fr\/wp-json\/wp\/v2\/media?parent=91"}],"curies":[{"name":"wp","href":"https:\/\/api.w.org\/{rel}","templated":true}]}}