{"id":746,"date":"2022-10-14T12:09:55","date_gmt":"2022-10-14T10:09:55","guid":{"rendered":"https:\/\/www.drmeunier.be\/?page_id=746"},"modified":"2024-11-16T16:06:43","modified_gmt":"2024-11-16T15:06:43","slug":"tristan-mens","status":"publish","type":"page","link":"https:\/\/www.drmeunier.be\/fr\/equipe\/tristan-mens\/","title":{"rendered":"Monsieur Tristan Mens vous re\u00e7oit dans le cabinet priv\u00e9 du Dr Meunier"},"content":{"rendered":"<div class=\"wpb-content-wrapper\"><p>[vc_row heading_color=\u00a0\u00bbprimary-1&Prime; padding_top_multiplier=\u00a0\u00bb3x\u00a0\u00bb padding_bottom_multiplier=\u00a0\u00bb3x\u00a0\u00bb][vc_column width=\u00a0\u00bb1\/2&Prime; tablet_sm_text_align=\u00a0\u00bbcenter\u00a0\u00bb mobile_text_align=\u00a0\u00bbcenter\u00a0\u00bb]<h3 class=\"grve-element grve-title grve-align-right grve-h5\" style=\"\"><span><a class=\"grve-text-primary-2\"><span class=\"grve-text-primary-1\">01.<\/span> Optom\u00e9trie<\/a><\/span><\/h3>[\/vc_column][vc_column width=\u00a0\u00bb1\/2&Prime;][\/vc_column][vc_column]<div class=\"grve-empty-space grve-height-1x\" style=\"\"><\/div>[\/vc_column][vc_column tablet_sm_text_align=\u00a0\u00bbcenter\u00a0\u00bb mobile_text_align=\u00a0\u00bbcenter\u00a0\u00bb z_index=\u00a0\u00bb10&Prime;]<h2 class=\"grve-element grve-title grve-align-center grve-h3 grve-increase-heading grve-heading-200\" style=\"\"><span>Tristan Mens<span class=\"grve-title-line grve-bg-primary-1\" style=\"width: 50px;height: 2px;\"><\/span><\/span><\/h2>[\/vc_column][vc_column]<div class=\"grve-empty-space grve-height-1x\" style=\"\"><\/div>[\/vc_column][vc_column width=\u00a0\u00bb1\/4&Prime; tablet_sm_width=\u00a0\u00bbhide\u00a0\u00bb mobile_width=\u00a0\u00bbhide\u00a0\u00bb][\/vc_column][vc_column width=\u00a0\u00bb1\/4&Prime; tablet_sm_width=\u00a0\u00bb1-2&Prime; tablet_sm_text_align=\u00a0\u00bbcenter\u00a0\u00bb mobile_text_align=\u00a0\u00bbcenter\u00a0\u00bb][vc_column_text]<\/p>\n<p style=\"text-align: right;\">Monsieur Mens re\u00e7oit des patients souffrant de diverses pathologies corn\u00e9ennes. Il propose, selon les besoins, toutes sortes de lentilles.<\/p>\n<p>[\/vc_column_text]<div class=\"grve-empty-space grve-height-1x\" style=\"\"><\/div><div class=\"grve-element grve-align-right\"><a href=\"https:\/\/progenda.be\/calendars\/mens-tristan-optometriste-lentilles-oisquercq\" target=\"_blank\" rel=\"noopener noreferrer\" class=\"grve-btn grve-btn-medium grve-square grve-bg-primary-1 grve-bg-hover-primary-2\"><span>Prendre rendez-vous<\/span><\/a><\/div>[\/vc_column][vc_column column_effect=\u00a0\u00bbvertical-parallax\u00a0\u00bb column_effect_limit=\u00a0\u00bbnone\u00a0\u00bb width=\u00a0\u00bb1\/4&Prime; tablet_sm_width=\u00a0\u00bb1-2&Prime; css=\u00a0\u00bb.vc_custom_1606387214291{padding-top: 50px !important;}\u00a0\u00bb]<div class=\"grve-element grve-image grve-align-center\" style=\"\">  <div class=\"grve-image-wrapper\"><img decoding=\"async\" width=\"560\" height=\"747\" src=\"https:\/\/www.drmeunier.be\/wp-content\/uploads\/2022\/10\/tristan-mens-1-560x747.jpg\" class=\"attachment-movedo-grve-small-rect-vertical size-movedo-grve-small-rect-vertical\" alt=\"Monsieur Tristan Mens Optom\u00e9triste\" srcset=\"https:\/\/www.drmeunier.be\/wp-content\/uploads\/2022\/10\/tristan-mens-1.jpg 560w, https:\/\/www.drmeunier.be\/wp-content\/uploads\/2022\/10\/tristan-mens-1-225x300.jpg 225w\" sizes=\"(max-width: 560px) 100vw, 560px\" \/>   <\/div><\/div>[\/vc_column][vc_column width=\u00a0\u00bb1\/4&Prime; tablet_sm_width=\u00a0\u00bbhide\u00a0\u00bb mobile_width=\u00a0\u00bbhide\u00a0\u00bb][\/vc_column][\/vc_row][vc_row heading_color=\u00a0\u00bbprimary-2&Prime; padding_bottom_multiplier=\u00a0\u00bb3x\u00a0\u00bb][vc_column width=\u00a0\u00bb1\/3&Prime;]<h2 class=\"grve-element grve-title grve-align-left grve-animated-item grve-duration-normal grve-fade-in grve-h2\" style=\"\" data-delay=\"200\"><span>Son parcours<\/span><\/h2>[\/vc_column][vc_column width=\u00a0\u00bb2\/3&Prime;][vc_column_text text_style=\u00a0\u00bbleader-text\u00a0\u00bb animation=\u00a0\u00bbgrve-fade-in-up\u00a0\u00bb animation_delay=\u00a0\u00bb220&Prime;]Apr\u00e8s ses \u00e9tudes d&rsquo;optom\u00e9trie et de contactologie \u00e0 l&rsquo;Institut d&rsquo;optique Raymond Tibaut (IORT) \u00e0 Bruxelles, Monsieur Mens continue sa formation \u00e0 l&rsquo;\u00e9cole d&rsquo;optom\u00e9trie d&rsquo;Utrecht. [\/vc_column_text]<div class=\"grve-empty-space grve-height-1x\" style=\"\"><\/div>[vc_column_text text_style=\u00a0\u00bbleader-text\u00a0\u00bb animation=\u00a0\u00bbgrve-fade-in-up\u00a0\u00bb animation_delay=\u00a0\u00bb240&Prime;]Il met bient\u00f4t son expertise au service du d\u00e9partement d&rsquo;ophtalmologie au CHU Saint-Pierre de Bruxelles. Il y re\u00e7oit des patients souffrant de diverses pathologies corn\u00e9ennes tels que le K\u00e9ratoc\u00f4ne et les dystrophies corn\u00e9ennes mais \u00e9galement l&rsquo;astigmatisme ou la myopie forte. Il propose selon les besoins des lentilles souples, rigides, scl\u00e9rales, semi-rigides, progressives ou hybrides. [\/vc_column_text]<div class=\"grve-empty-space grve-height-1x\" style=\"\"><\/div>[vc_column_text text_style=\u00a0\u00bbleader-text\u00a0\u00bb animation=\u00a0\u00bbgrve-fade-in-up\u00a0\u00bb animation_delay=\u00a0\u00bb240&Prime;]Son expertise permet une compl\u00e9mentarit\u00e9 avec l&rsquo;expertise du <a href=\"\/fr\/equipe\/dany-salik\/\">Docteur Salik<\/a>, ophtalmologue sp\u00e9cialis\u00e9 en suivi et chirurgie de la corn\u00e9e.[\/vc_column_text][\/vc_column][\/vc_row][vc_row heading_color=\u00a0\u00bbprimary-2&Prime; disable_element=\u00a0\u00bbyes\u00a0\u00bb padding_top_multiplier=\u00a0\u00bb\u00a0\u00bb padding_bottom_multiplier=\u00a0\u00bb2x\u00a0\u00bb][vc_column width=\u00a0\u00bb1\/3&Prime;]<h2 class=\"grve-element grve-title grve-align-left grve-animated-item grve-duration-normal grve-fade-in grve-h2\" style=\"\" data-delay=\"200\"><span>Fi\u00e8rement membre<\/span><\/h2>[\/vc_column][vc_column width=\u00a0\u00bb2\/3&Prime;][vc_column_text text_style=\u00a0\u00bbleader-text\u00a0\u00bb animation=\u00a0\u00bbgrve-fade-in-up\u00a0\u00bb animation_delay=\u00a0\u00bb220&Prime;]<\/p>\n<ul>\n<li>Membre de la Soci\u00e9t\u00e9 Belge d\u2019Ophtalmologie<\/li>\n<li>Membre de la Belgian Retina Society<\/li>\n<li>Membre de l\u2019European Society of Retina Specialists<\/li>\n<\/ul>\n<p>[\/vc_column_text][\/vc_column][\/vc_row][vc_row disable_element=\u00a0\u00bbyes\u00a0\u00bb padding_top_multiplier=\u00a0\u00bb\u00a0\u00bb padding_bottom_multiplier=\u00a0\u00bb3x\u00a0\u00bb][vc_column]<div class=\"grve-element grve-divider\" style=\"padding-bottom: 60px;\"><div class=\"grve-line-divider grve-border\"><\/div><\/div><blockquote class=\"grve-element grve-animated-item grve-fade-in-up grve-duration-normal grve-align-center\" style=\"\" data-delay=\"200\"><p>Nous sommes donc ravis que le Docteur Masset apporte son expertise clinique et chirurgicale en strabisme ainsi que son dynamisme au sein de notre \u00e9quipe.<\/p><\/blockquote>[\/vc_column][\/vc_row]<\/p>\n<\/div>","protected":false},"excerpt":{"rendered":"<p>[vc_row heading_color=\u00a0\u00bbprimary-1&Prime; padding_top_multiplier=\u00a0\u00bb3x\u00a0\u00bb padding_bottom_multiplier=\u00a0\u00bb3x\u00a0\u00bb][vc_column width=\u00a0\u00bb1\/2&Prime; tablet_sm_text_align=\u00a0\u00bbcenter\u00a0\u00bb mobile_text_align=\u00a0\u00bbcenter\u00a0\u00bb][\/vc_column][vc_column width=\u00a0\u00bb1\/2&Prime;][\/vc_column][vc_column][\/vc_column][vc_column tablet_sm_text_align=\u00a0\u00bbcenter\u00a0\u00bb mobile_text_align=\u00a0\u00bbcenter\u00a0\u00bb z_index=\u00a0\u00bb10&Prime;][\/vc_column][vc_column][\/vc_column][vc_column width=\u00a0\u00bb1\/4&Prime; tablet_sm_width=\u00a0\u00bbhide\u00a0\u00bb mobile_width=\u00a0\u00bbhide\u00a0\u00bb][\/vc_column][vc_column width=\u00a0\u00bb1\/4&Prime; tablet_sm_width=\u00a0\u00bb1-2&Prime; tablet_sm_text_align=\u00a0\u00bbcenter\u00a0\u00bb mobile_text_align=\u00a0\u00bbcenter\u00a0\u00bb][vc_column_text] Monsieur Mens re\u00e7oit des patients souffrant de diverses pathologies corn\u00e9ennes. Il propose, selon les besoins, toutes sortes de lentilles. [\/vc_column_text][\/vc_column][vc_column column_effect=\u00a0\u00bbvertical-parallax\u00a0\u00bb column_effect_limit=\u00a0\u00bbnone\u00a0\u00bb width=\u00a0\u00bb1\/4&Prime; tablet_sm_width=\u00a0\u00bb1-2&Prime; css=\u00a0\u00bb.vc_custom_1606387214291{padding-top: 50px !important;}\u00a0\u00bb][\/vc_column][vc_column width=\u00a0\u00bb1\/4&Prime; tablet_sm_width=\u00a0\u00bbhide\u00a0\u00bb mobile_width=\u00a0\u00bbhide\u00a0\u00bb][\/vc_column][\/vc_row][vc_row heading_color=\u00a0\u00bbprimary-2&Prime; padding_bottom_multiplier=\u00a0\u00bb3x\u00a0\u00bb][vc_column width=\u00a0\u00bb1\/3&Prime;][\/vc_column][vc_column width=\u00a0\u00bb2\/3&Prime;][vc_column_text text_style=\u00a0\u00bbleader-text\u00a0\u00bb animation=\u00a0\u00bbgrve-fade-in-up\u00a0\u00bb animation_delay=\u00a0\u00bb220&Prime;]Apr\u00e8s [&hellip;]<\/p>\n","protected":false},"author":1,"featured_media":0,"parent":616,"menu_order":0,"comment_status":"closed","ping_status":"closed","template":"","meta":{"inline_featured_image":false,"footnotes":""},"class_list":["post-746","page","type-page","status-publish","hentry"],"_links":{"self":[{"href":"https:\/\/www.drmeunier.be\/fr\/wp-json\/wp\/v2\/pages\/746","targetHints":{"allow":["GET"]}}],"collection":[{"href":"https:\/\/www.drmeunier.be\/fr\/wp-json\/wp\/v2\/pages"}],"about":[{"href":"https:\/\/www.drmeunier.be\/fr\/wp-json\/wp\/v2\/types\/page"}],"author":[{"embeddable":true,"href":"https:\/\/www.drmeunier.be\/fr\/wp-json\/wp\/v2\/users\/1"}],"replies":[{"embeddable":true,"href":"https:\/\/www.drmeunier.be\/fr\/wp-json\/wp\/v2\/comments?post=746"}],"version-history":[{"count":6,"href":"https:\/\/www.drmeunier.be\/fr\/wp-json\/wp\/v2\/pages\/746\/revisions"}],"predecessor-version":[{"id":816,"href":"https:\/\/www.drmeunier.be\/fr\/wp-json\/wp\/v2\/pages\/746\/revisions\/816"}],"up":[{"embeddable":true,"href":"https:\/\/www.drmeunier.be\/fr\/wp-json\/wp\/v2\/pages\/616"}],"wp:attachment":[{"href":"https:\/\/www.drmeunier.be\/fr\/wp-json\/wp\/v2\/media?parent=746"}],"curies":[{"name":"wp","href":"https:\/\/api.w.org\/{rel}","templated":true}]}}