{"id":616,"date":"2020-04-29T12:41:18","date_gmt":"2020-04-29T10:41:18","guid":{"rendered":"https:\/\/www.drmeunier.be\/?page_id=616"},"modified":"2024-11-16T16:01:46","modified_gmt":"2024-11-16T15:01:46","slug":"equipe","status":"publish","type":"page","link":"https:\/\/www.drmeunier.be\/fr\/equipe\/","title":{"rendered":"L&rsquo;\u00e9quipe du cabinet priv\u00e9 du Dr Meunier"},"content":{"rendered":"<div class=\"wpb-content-wrapper\"><p>[vc_row heading_color=\u00a0\u00bbprimary-2&Prime; padding_top_multiplier=\u00a0\u00bb3x\u00a0\u00bb padding_bottom_multiplier=\u00a0\u00bb3x\u00a0\u00bb][vc_column width=\u00a0\u00bb1\/6&Prime; text_align=\u00a0\u00bbcenter\u00a0\u00bb][\/vc_column][vc_column width=\u00a0\u00bb2\/3&Prime; text_align=\u00a0\u00bbcenter\u00a0\u00bb]<h3 class=\"grve-element grve-title grve-align-center grve-small-text\" style=\"\"><span>Une m\u00e9decine humaine<\/span><\/h3><h2 class=\"grve-element grve-title grve-align-center grve-h2\" style=\"\"><span>L&rsquo;\u00e9quipe du cabinet priv\u00e9 du Dr Meunier<span class=\"grve-title-line grve-bg-primary-1\" style=\"width: 50px;height: 2px;\"><\/span><\/span><\/h2>[vc_column_text text_style=\u00a0\u00bbleader-text\u00a0\u00bb]Le Docteur Meunier est entour\u00e9e de collaborateurs exp\u00e9riment\u00e9s et qui partagent les m\u00eames valeurs d\u2019une m\u00e9decine r\u00e9solument humaine. Tous les m\u00e9decins du cabinet consultent \u00e9galement dans un centre universitaire, ceci s\u2019inscrit dans la volont\u00e9 de rester \u00e0 la pointe des connaissances et d\u2019offrir des soins de qualit\u00e9 dans un cadre plus convivial.[\/vc_column_text][\/vc_column][vc_column width=\u00a0\u00bb1\/6&Prime;][\/vc_column][\/vc_row][vc_row heading_color=\u00a0\u00bbprimary-2&Prime; padding_top_multiplier=\u00a0\u00bb\u00a0\u00bb padding_bottom_multiplier=\u00a0\u00bb3x\u00a0\u00bb equal_column_height=\u00a0\u00bbequal-column\u00a0\u00bb mobile_equal_column_height=\u00a0\u00bbfalse\u00a0\u00bb][vc_column width=\u00a0\u00bb1\/3&Prime; css=\u00a0\u00bb.vc_custom_1588156092019{padding: 10% !important;background-color: #f7f7f7 !important;}\u00a0\u00bb]<div class=\"grve-element grve-box grve-align-center\" style=\"\"><a href=\"\/fr\/equipe\/audrey-meunier\/\"><figure class=\"grve-image-hover grve-zoom-in\">\t<div class=\"grve-media\">\t\t<div class=\"grve-bg-primary-1 grve-hover-overlay grve-opacity-30\"><\/div><img decoding=\"async\" width=\"560\" height=\"560\" src=\"https:\/\/www.drmeunier.be\/wp-content\/uploads\/2020\/04\/profil-audrey-meunier-560x560.jpg\" class=\"attachment-movedo-grve-small-square size-movedo-grve-small-square\" alt=\"\" srcset=\"https:\/\/www.drmeunier.be\/wp-content\/uploads\/2020\/04\/profil-audrey-meunier-560x560.jpg 560w, https:\/\/www.drmeunier.be\/wp-content\/uploads\/2020\/04\/profil-audrey-meunier-150x150.jpg 150w\" sizes=\"(max-width: 560px) 100vw, 560px\" \/>\t<\/div><\/figure><\/a>  <div class=\"grve-box-content\"><a href=\"\/fr\/equipe\/audrey-meunier\/\"><h3 class=\"grve-box-title grve-h4\">Dr Audrey Meunier<\/h3>    <\/a>    <p>Le docteur Meunier est sp\u00e9cialis\u00e9 dans les domaines de pointe que sont la g\u00e9n\u00e9tique, le glaucome et la neuro-ophtalmologie. Son expertise lui permet de diagnostiquer des pathologies neuro-ophtalmologiques et des pathologies g\u00e9n\u00e9tiques oculaires isol\u00e9es ou associ\u00e9es dans le cadre de divers syndromes mais \u00e9galement d\u2019assurer le suivi de ces maladies.<\/p>  <\/div><\/div><div class=\"grve-empty-space grve-height-1x\" style=\"\"><\/div><div class=\"grve-element grve-align-center\"><a href=\"\/fr\/equipe\/audrey-meunier\" class=\"grve-btn grve-btn-medium grve-square grve-bg-primary-1 grve-bg-hover-primary-2 grve-btn-line\"><span>En savoir plus<\/span><\/a><\/div><div class=\"grve-element grve-align-center\"><a href=\"https:\/\/progenda.be\/calendars\/docteur-meunier-audrey-ophtalmologue-oisquercq\" target=\"_blank\" rel=\"noopener noreferrer\" class=\"grve-btn grve-btn-medium grve-square grve-bg-primary-1 grve-bg-hover-primary-2\"><span>Prendre rendez-vous<\/span><\/a><\/div>[\/vc_column][vc_column width=\u00a0\u00bb1\/3&Prime; css=\u00a0\u00bb.vc_custom_1606387462519{padding: 10% !important;background-color: #f7f7f7 !important;}\u00a0\u00bb]<div class=\"grve-element grve-box grve-align-center\" style=\"\"><a href=\"\/fr\/equipe\/marine-michez\/\"><figure class=\"grve-image-hover grve-zoom-in\">\t<div class=\"grve-media\">\t\t<div class=\"grve-bg-primary-1 grve-hover-overlay grve-opacity-30\"><\/div><img decoding=\"async\" width=\"560\" height=\"560\" src=\"https:\/\/www.drmeunier.be\/wp-content\/uploads\/2024\/02\/Marine-Michez-560x560.jpg\" class=\"attachment-movedo-grve-small-square size-movedo-grve-small-square\" alt=\"\" srcset=\"https:\/\/www.drmeunier.be\/wp-content\/uploads\/2024\/02\/Marine-Michez-560x560.jpg 560w, https:\/\/www.drmeunier.be\/wp-content\/uploads\/2024\/02\/Marine-Michez-150x150.jpg 150w\" sizes=\"(max-width: 560px) 100vw, 560px\" \/>\t<\/div><\/figure><\/a>  <div class=\"grve-box-content\"><a href=\"\/fr\/equipe\/marine-michez\/\"><h3 class=\"grve-box-title grve-h4\">Dr Marine Michez<\/h3>    <\/a>    <p>Le Docteur Marine Michez est ophtalmologue. Experte en chirurgie de la cataracte et en injections intra-oculaires en cas de traitement de diverses pathologies r\u00e9tiniennes notament pour la DMLA humide.<\/p>  <\/div><\/div><div class=\"grve-empty-space grve-height-1x\" style=\"\"><\/div><div class=\"grve-element grve-align-center\"><a href=\"\/fr\/equipe\/marine-michez\/\" class=\"grve-btn grve-btn-medium grve-square grve-bg-primary-1 grve-bg-hover-primary-2 grve-btn-line\"><span>En savoir plus<\/span><\/a><\/div><div class=\"grve-element grve-align-center\"><a href=\"https:\/\/progenda.be\/calendars\/docteur-michez-marine-consultation-ophtalmologie-adulte-et-enfants-chirurgie-de-la-cataracte-oisquercq\" target=\"_blank\" rel=\"noopener noreferrer\" class=\"grve-btn grve-btn-medium grve-square grve-bg-primary-1 grve-bg-hover-primary-2\"><span>Prendre rendez-vous<\/span><\/a><\/div>[\/vc_column][vc_column width=\u00a0\u00bb1\/3&Prime; css=\u00a0\u00bb.vc_custom_1622203183687{padding: 10% !important;background-color: #f7f7f7 !important;}\u00a0\u00bb]<div class=\"grve-element grve-box grve-align-center\" style=\"\"><a href=\"\/fr\/equipe\/maureen-masset\/\"><figure class=\"grve-image-hover grve-zoom-in\">\t<div class=\"grve-media\">\t\t<div class=\"grve-bg-primary-1 grve-hover-overlay grve-opacity-30\"><\/div><img decoding=\"async\" width=\"560\" height=\"560\" src=\"https:\/\/www.drmeunier.be\/wp-content\/uploads\/2022\/02\/Dr-Maureen-Masset-560x560.jpg\" class=\"attachment-movedo-grve-small-square size-movedo-grve-small-square\" alt=\"Dr Maureen Masset ophtalmologue Tubize\" srcset=\"https:\/\/www.drmeunier.be\/wp-content\/uploads\/2022\/02\/Dr-Maureen-Masset-560x560.jpg 560w, https:\/\/www.drmeunier.be\/wp-content\/uploads\/2022\/02\/Dr-Maureen-Masset-150x150.jpg 150w\" sizes=\"(max-width: 560px) 100vw, 560px\" \/>\t<\/div><\/figure><\/a>  <div class=\"grve-box-content\"><a href=\"\/fr\/equipe\/maureen-masset\/\"><h3 class=\"grve-box-title grve-h4\">Dr Maureen Masset<\/h3>    <\/a>    <p>Passionn\u00e9e par l\u2019ophtalmologie p\u00e9diatrique, le Docteur Maureen Masset apporte son expertise clinique et chirurgicale en strabisme au sein du cabinet.<\/p>  <\/div><\/div><div class=\"grve-empty-space grve-height-1x\" style=\"\"><\/div><div class=\"grve-element grve-align-center\"><a href=\"\/fr\/equipe\/maureen-masset\/\" class=\"grve-btn grve-btn-medium grve-square grve-bg-primary-1 grve-bg-hover-primary-2 grve-btn-line\"><span>En savoir plus<\/span><\/a><\/div><div class=\"grve-element grve-align-center\"><a href=\"https:\/\/progenda.be\/calendars\/docteur-masset-maureen-ophtalmologie-strabisme-et-consultation-adulte-et-enfant-oisquercq-belgique\" target=\"_blank\" rel=\"noopener noreferrer\" class=\"grve-btn grve-btn-medium grve-square grve-bg-primary-1 grve-bg-hover-primary-2\"><span>Prendre rendez-vous<\/span><\/a><\/div>[\/vc_column][\/vc_row][vc_row heading_color=\u00a0\u00bbprimary-2&Prime; padding_top_multiplier=\u00a0\u00bb\u00a0\u00bb padding_bottom_multiplier=\u00a0\u00bb3x\u00a0\u00bb equal_column_height=\u00a0\u00bbequal-column\u00a0\u00bb mobile_equal_column_height=\u00a0\u00bbfalse\u00a0\u00bb][vc_column width=\u00a0\u00bb1\/3&Prime; css=\u00a0\u00bb.vc_custom_1588156092019{padding: 10% !important;background-color: #f7f7f7 !important;}\u00a0\u00bb]<div class=\"grve-element grve-box grve-align-center\" style=\"\"><a href=\"\/fr\/equipe\/antonella-boschi\/\"><figure class=\"grve-image-hover grve-zoom-in\">\t<div class=\"grve-media\">\t\t<div class=\"grve-bg-primary-1 grve-hover-overlay grve-opacity-30\"><\/div><img decoding=\"async\" width=\"560\" height=\"560\" src=\"https:\/\/www.drmeunier.be\/wp-content\/uploads\/2024\/11\/A.-Boschi-1.jpg\" class=\"attachment-movedo-grve-small-square size-movedo-grve-small-square\" alt=\"\" srcset=\"https:\/\/www.drmeunier.be\/wp-content\/uploads\/2024\/11\/A.-Boschi-1.jpg 560w, https:\/\/www.drmeunier.be\/wp-content\/uploads\/2024\/11\/A.-Boschi-1-300x300.jpg 300w, https:\/\/www.drmeunier.be\/wp-content\/uploads\/2024\/11\/A.-Boschi-1-150x150.jpg 150w\" sizes=\"(max-width: 560px) 100vw, 560px\" \/>\t<\/div><\/figure><\/a>  <div class=\"grve-box-content\"><a href=\"\/fr\/equipe\/antonella-boschi\/\"><h3 class=\"grve-box-title grve-h4\">Pr Antonella Boschi<\/h3>    <\/a>    <p>Professeur \u00e9m\u00e9rite aux clinique universitaires Saint-Luc, chef de clinique et ancienne chef de service. Sp\u00e9cialis\u00e9e en neuro-ophtalmologie et en pathologies orbitaires notamment dans les dysfonctions thyro\u00efdiennes telle que la maladie de Basedow, diplopie, ptosis,&#8230; <\/p>  <\/div><\/div><div class=\"grve-empty-space grve-height-1x\" style=\"\"><\/div><div class=\"grve-element grve-align-center\"><a href=\"\/fr\/equipe\/antonella-boschi\/\" class=\"grve-btn grve-btn-medium grve-square grve-bg-primary-1 grve-bg-hover-primary-2 grve-btn-line\"><span>En savoir plus<\/span><\/a><\/div><div class=\"grve-element grve-align-center\"><a href=\"https:\/\/progenda.be\/calendars\/docteur-boschi-antonella-neuro-ophtalmologie-strabisme-glaucome-enfants-oisquercq\" target=\"_blank\" rel=\"noopener noreferrer\" class=\"grve-btn grve-btn-medium grve-square grve-bg-primary-1 grve-bg-hover-primary-2\"><span>Prendre rendez-vous<\/span><\/a><\/div>[\/vc_column][vc_column width=\u00a0\u00bb1\/3&Prime; css=\u00a0\u00bb.vc_custom_1665743473903{padding-top: 10% !important;padding-right: 10% !important;padding-bottom: 10% !important;padding-left: 10% !important;background-color: #f7f7f7 !important;}\u00a0\u00bb]<div class=\"grve-element grve-box grve-align-center\" style=\"\"><a href=\"\/fr\/equipe\/tristan-mens\/\"><figure class=\"grve-image-hover grve-zoom-in\">\t<div class=\"grve-media\">\t\t<div class=\"grve-bg-primary-1 grve-hover-overlay grve-opacity-30\"><\/div><img decoding=\"async\" width=\"560\" height=\"560\" src=\"https:\/\/www.drmeunier.be\/wp-content\/uploads\/2022\/10\/tristan-mens-1-560x560.jpg\" class=\"attachment-movedo-grve-small-square size-movedo-grve-small-square\" alt=\"Monsieur Tristan Mens Optom\u00e9triste\" srcset=\"https:\/\/www.drmeunier.be\/wp-content\/uploads\/2022\/10\/tristan-mens-1-560x560.jpg 560w, https:\/\/www.drmeunier.be\/wp-content\/uploads\/2022\/10\/tristan-mens-1-150x150.jpg 150w\" sizes=\"(max-width: 560px) 100vw, 560px\" \/>\t<\/div><\/figure><\/a>  <div class=\"grve-box-content\"><a href=\"\/fr\/equipe\/tristan-mens\/\"><h3 class=\"grve-box-title grve-h4\">Monsieur Tristan Mens<\/h3>    <\/a>    <p>Monsieur Mens re\u00e7oit des patients souffrant de diverses pathologies corn\u00e9ennes. Il propose, selon les besoins, toutes sortes de lentilles.<\/p>  <\/div><\/div><div class=\"grve-empty-space grve-height-1x\" style=\"\"><\/div><div class=\"grve-element grve-align-center\"><a href=\"\/fr\/equipe\/tristan-mens\/\" class=\"grve-btn grve-btn-medium grve-square grve-bg-primary-1 grve-bg-hover-primary-2 grve-btn-line\"><span>En savoir plus<\/span><\/a><\/div><div class=\"grve-element grve-align-center\"><a href=\"https:\/\/progenda.be\/calendars\/mens-tristan-optometriste-lentilles-oisquercq\" target=\"_blank\" rel=\"noopener noreferrer\" class=\"grve-btn grve-btn-medium grve-square grve-bg-primary-1 grve-bg-hover-primary-2\"><span>Prendre rendez-vous<\/span><\/a><\/div>[\/vc_column][vc_column width=\u00a0\u00bb1\/3&Prime; css=\u00a0\u00bb.vc_custom_1731763906434{padding-top: 10% !important;padding-right: 10% !important;padding-bottom: 10% !important;padding-left: 10% !important;background-color: #F7F7F7 !important;}\u00a0\u00bb]<div class=\"grve-element grve-box grve-align-center\" style=\"\"><a href=\"\/fr\/equipe\/camille-ranc\/\"><figure class=\"grve-image-hover grve-zoom-in\">\t<div class=\"grve-media\">\t\t<div class=\"grve-bg-primary-1 grve-hover-overlay grve-opacity-30\"><\/div><img decoding=\"async\" width=\"560\" height=\"560\" src=\"https:\/\/www.drmeunier.be\/wp-content\/uploads\/2022\/10\/camille-ranc-560x560.jpg\" class=\"attachment-movedo-grve-small-square size-movedo-grve-small-square\" alt=\"Camille Ranc Madame Camille Ranc Orthoptiste\" srcset=\"https:\/\/www.drmeunier.be\/wp-content\/uploads\/2022\/10\/camille-ranc-560x560.jpg 560w, https:\/\/www.drmeunier.be\/wp-content\/uploads\/2022\/10\/camille-ranc-150x150.jpg 150w\" sizes=\"(max-width: 560px) 100vw, 560px\" \/>\t<\/div><\/figure><\/a>  <div class=\"grve-box-content\"><a href=\"\/fr\/equipe\/camille-ranc\/\"><h3 class=\"grve-box-title grve-h4\">Madame Camille Ranc<\/h3>    <\/a>    <p>La grande exp\u00e9rience professionnelle de Madame Ranc l\u2019a amen\u00e9 \u00e0 se sp\u00e9cialiser dans le suivi des strabismes et le bilan pr\u00e9 et post op\u00e9ratoire de ces chirurgies.<\/p>  <\/div><\/div><div class=\"grve-empty-space grve-height-1x\" style=\"\"><\/div><div class=\"grve-element grve-align-center\"><a href=\"\/fr\/equipe\/camille-ranc\/\" class=\"grve-btn grve-btn-medium grve-square grve-bg-primary-1 grve-bg-hover-primary-2 grve-btn-line\"><span>En savoir plus<\/span><\/a><\/div><div class=\"grve-element grve-align-center\"><a href=\"https:\/\/progenda.be\/calendars\/ranc-camille-orthoptiste-oisquercq\" target=\"_blank\" rel=\"noopener noreferrer\" class=\"grve-btn grve-btn-medium grve-square grve-bg-primary-1 grve-bg-hover-primary-2\"><span>Prendre rendez-vous<\/span><\/a><\/div>[\/vc_column][\/vc_row]<\/p>\n<\/div>","protected":false},"excerpt":{"rendered":"<p>[vc_row heading_color=\u00a0\u00bbprimary-2&Prime; padding_top_multiplier=\u00a0\u00bb3x\u00a0\u00bb padding_bottom_multiplier=\u00a0\u00bb3x\u00a0\u00bb][vc_column width=\u00a0\u00bb1\/6&Prime; text_align=\u00a0\u00bbcenter\u00a0\u00bb][\/vc_column][vc_column width=\u00a0\u00bb2\/3&Prime; text_align=\u00a0\u00bbcenter\u00a0\u00bb][vc_column_text text_style=\u00a0\u00bbleader-text\u00a0\u00bb]Le Docteur Meunier est entour\u00e9e de collaborateurs exp\u00e9riment\u00e9s et qui partagent les m\u00eames valeurs d\u2019une m\u00e9decine r\u00e9solument humaine. Tous les m\u00e9decins du cabinet consultent \u00e9galement dans un centre universitaire, ceci s\u2019inscrit dans la volont\u00e9 de rester \u00e0 la pointe des connaissances et d\u2019offrir des soins de qualit\u00e9 [&hellip;]<\/p>\n","protected":false},"author":1,"featured_media":0,"parent":0,"menu_order":0,"comment_status":"closed","ping_status":"closed","template":"","meta":{"inline_featured_image":false,"footnotes":""},"class_list":["post-616","page","type-page","status-publish","hentry"],"_links":{"self":[{"href":"https:\/\/www.drmeunier.be\/fr\/wp-json\/wp\/v2\/pages\/616","targetHints":{"allow":["GET"]}}],"collection":[{"href":"https:\/\/www.drmeunier.be\/fr\/wp-json\/wp\/v2\/pages"}],"about":[{"href":"https:\/\/www.drmeunier.be\/fr\/wp-json\/wp\/v2\/types\/page"}],"author":[{"embeddable":true,"href":"https:\/\/www.drmeunier.be\/fr\/wp-json\/wp\/v2\/users\/1"}],"replies":[{"embeddable":true,"href":"https:\/\/www.drmeunier.be\/fr\/wp-json\/wp\/v2\/comments?post=616"}],"version-history":[{"count":40,"href":"https:\/\/www.drmeunier.be\/fr\/wp-json\/wp\/v2\/pages\/616\/revisions"}],"predecessor-version":[{"id":814,"href":"https:\/\/www.drmeunier.be\/fr\/wp-json\/wp\/v2\/pages\/616\/revisions\/814"}],"wp:attachment":[{"href":"https:\/\/www.drmeunier.be\/fr\/wp-json\/wp\/v2\/media?parent=616"}],"curies":[{"name":"wp","href":"https:\/\/api.w.org\/{rel}","templated":true}]}}