{"id":610,"date":"2020-04-29T12:00:52","date_gmt":"2020-04-29T10:00:52","guid":{"rendered":"https:\/\/www.drmeunier.be\/?page_id=610"},"modified":"2024-11-16T16:03:53","modified_gmt":"2024-11-16T15:03:53","slug":"marine-michez","status":"publish","type":"page","link":"https:\/\/www.drmeunier.be\/fr\/equipe\/marine-michez\/","title":{"rendered":"Docteur Marine Michez vous re\u00e7oit dans le cabinet priv\u00e9 du Dr Meunier"},"content":{"rendered":"<div class=\"wpb-content-wrapper\"><p>[vc_row heading_color=\u00a0\u00bbprimary-1&Prime; padding_top_multiplier=\u00a0\u00bb3x\u00a0\u00bb padding_bottom_multiplier=\u00a0\u00bb3x\u00a0\u00bb][vc_column width=\u00a0\u00bb1\/2&Prime; tablet_sm_text_align=\u00a0\u00bbcenter\u00a0\u00bb mobile_text_align=\u00a0\u00bbcenter\u00a0\u00bb]<h3 class=\"grve-element grve-title grve-align-right grve-h5\" style=\"\"><span><a class=\"grve-text-primary-2\" href=\"https:\/\/www.drmeunier.be\/fr\/ophtalmo-genetique\/\"><span class=\"grve-text-primary-1\">01.<\/span> Ophtalmologie<\/a><\/span><\/h3><h3 class=\"grve-element grve-title grve-align-right grve-h5\" style=\"\"><span><a class=\"grve-text-primary-2\"><span class=\"grve-text-primary-1\">02.<\/span> Chirurgie de la cataracte<\/a><\/span><\/h3><h3 class=\"grve-element grve-title grve-align-right grve-h5\" style=\"\"><span><a class=\"grve-text-primary-2\"><span class=\"grve-text-primary-1\">03.<\/span> DMLA<\/a><\/span><\/h3>[\/vc_column][vc_column width=\u00a0\u00bb1\/2&Prime;][\/vc_column][vc_column]<div class=\"grve-empty-space grve-height-1x\" style=\"\"><\/div>[\/vc_column][vc_column tablet_sm_text_align=\u00a0\u00bbcenter\u00a0\u00bb mobile_text_align=\u00a0\u00bbcenter\u00a0\u00bb z_index=\u00a0\u00bb10&Prime;]<h2 class=\"grve-element grve-title grve-align-center grve-h3 grve-increase-heading grve-heading-200\" style=\"\"><span>Marine Michez<span class=\"grve-title-line grve-bg-primary-1\" style=\"width: 50px;height: 2px;\"><\/span><\/span><\/h2>[\/vc_column][vc_column]<div class=\"grve-empty-space grve-height-1x\" style=\"\"><\/div>[\/vc_column][vc_column width=\u00a0\u00bb1\/4&Prime; tablet_sm_width=\u00a0\u00bbhide\u00a0\u00bb mobile_width=\u00a0\u00bbhide\u00a0\u00bb][\/vc_column][vc_column width=\u00a0\u00bb1\/4&Prime; tablet_sm_width=\u00a0\u00bb1-2&Prime; tablet_sm_text_align=\u00a0\u00bbcenter\u00a0\u00bb mobile_text_align=\u00a0\u00bbcenter\u00a0\u00bb][vc_column_text]<\/p>\n<p style=\"text-align: right;\">Le Docteur Marine Michez est ophtalmologue. Experte en chirurgie de la cataracte et en injections intra-oculaires en cas de traitement de diverses pathologies r\u00e9tiniennes notament pour la DMLA humide.<\/p>\n<p>[\/vc_column_text]<div class=\"grve-empty-space grve-height-1x\" style=\"\"><\/div><div class=\"grve-element grve-align-right\"><a href=\"https:\/\/progenda.be\/calendars\/docteur-michez-marine-consultation-ophtalmologie-adulte-et-enfants-chirurgie-de-la-cataracte-oisquercq\" target=\"_blank\" rel=\"noopener noreferrer\" class=\"grve-btn grve-btn-medium grve-square grve-bg-primary-1 grve-bg-hover-primary-2\"><span>Prendre rendez-vous<\/span><\/a><\/div>[\/vc_column][vc_column column_effect=\u00a0\u00bbvertical-parallax\u00a0\u00bb column_effect_limit=\u00a0\u00bbnone\u00a0\u00bb width=\u00a0\u00bb1\/4&Prime; tablet_sm_width=\u00a0\u00bb1-2&Prime; css=\u00a0\u00bb.vc_custom_1606387214291{padding-top: 50px !important;}\u00a0\u00bb]<div class=\"grve-element grve-image grve-align-center\" style=\"\">  <div class=\"grve-image-wrapper\"><img decoding=\"async\" width=\"560\" height=\"746\" src=\"https:\/\/www.drmeunier.be\/wp-content\/uploads\/2024\/02\/Marine-Michez.jpg\" class=\"attachment-movedo-grve-small-rect-vertical size-movedo-grve-small-rect-vertical\" alt=\"\" srcset=\"https:\/\/www.drmeunier.be\/wp-content\/uploads\/2024\/02\/Marine-Michez.jpg 560w, https:\/\/www.drmeunier.be\/wp-content\/uploads\/2024\/02\/Marine-Michez-225x300.jpg 225w\" sizes=\"(max-width: 560px) 100vw, 560px\" \/>   <\/div><\/div>[\/vc_column][vc_column width=\u00a0\u00bb1\/4&Prime; tablet_sm_width=\u00a0\u00bbhide\u00a0\u00bb mobile_width=\u00a0\u00bbhide\u00a0\u00bb][\/vc_column][\/vc_row][vc_row heading_color=\u00a0\u00bbprimary-2&Prime; padding_bottom_multiplier=\u00a0\u00bb2x\u00a0\u00bb][vc_column width=\u00a0\u00bb1\/3&Prime;]<h2 class=\"grve-element grve-title grve-align-left grve-animated-item grve-duration-normal grve-fade-in grve-h2\" style=\"\" data-delay=\"200\"><span>Son parcours<\/span><\/h2>[\/vc_column][vc_column width=\u00a0\u00bb2\/3&Prime;][vc_column_text text_style=\u00a0\u00bbleader-text\u00a0\u00bb animation=\u00a0\u00bbgrve-fade-in-up\u00a0\u00bb animation_delay=\u00a0\u00bb220&Prime;]Le Docteur Marine Michez est ophtalmologue. Elle obtient son dipl\u00f4me de master en m\u00e9decine avec la plus grande distinction \u00e0 l\u2019Universit\u00e9 Catholique de Louvain, et poursuit ensuite son master de sp\u00e9cialisation en ophtalmologie aux Cliniques Universitaires Saint-Luc et \u00e0 l&rsquo;h\u00f4pital Delta du CHIREC pour terminer sa formation avec l&rsquo;obtention du certificat de l&rsquo;International Council of Ophtalmology (ICO).<\/p>\n<p>Le Docteur Michez poss\u00e8de une expertise en chirurgie de la cataracte et en injections intra-oculaires en cas de traitement de diverses pathologies r\u00e9tiniennes notament pour la DMLA humide.<\/p>\n<p>Elle assure \u00e9galement les consultations g\u00e9n\u00e9rales pour les adultes et les enfants ainsi que le suivi des patients souffrant de glaucome.[\/vc_column_text][\/vc_column][\/vc_row][vc_row padding_top_multiplier=\u00a0\u00bb\u00a0\u00bb padding_bottom_multiplier=\u00a0\u00bb3x\u00a0\u00bb][vc_column]<div class=\"grve-element grve-divider\" style=\"padding-bottom: 60px;\"><div class=\"grve-line-divider grve-border\"><\/div><\/div><blockquote class=\"grve-element grve-animated-item grve-fade-in-up grve-duration-normal grve-align-center\" style=\"\" data-delay=\"200\"><p>C&rsquo;est avec beaucoup de plaisir, que le cabinet du Docteur Meunier accueille le Docteur Michez dont la gentillesse et l\u2019expertise chirurgicale ne sont plus \u00e0 d\u00e9montrer.<\/p><\/blockquote>[\/vc_column][\/vc_row]<\/p>\n<\/div>","protected":false},"excerpt":{"rendered":"<p>[vc_row heading_color=\u00a0\u00bbprimary-1&Prime; padding_top_multiplier=\u00a0\u00bb3x\u00a0\u00bb padding_bottom_multiplier=\u00a0\u00bb3x\u00a0\u00bb][vc_column width=\u00a0\u00bb1\/2&Prime; tablet_sm_text_align=\u00a0\u00bbcenter\u00a0\u00bb mobile_text_align=\u00a0\u00bbcenter\u00a0\u00bb][\/vc_column][vc_column width=\u00a0\u00bb1\/2&Prime;][\/vc_column][vc_column][\/vc_column][vc_column tablet_sm_text_align=\u00a0\u00bbcenter\u00a0\u00bb mobile_text_align=\u00a0\u00bbcenter\u00a0\u00bb z_index=\u00a0\u00bb10&Prime;][\/vc_column][vc_column][\/vc_column][vc_column width=\u00a0\u00bb1\/4&Prime; tablet_sm_width=\u00a0\u00bbhide\u00a0\u00bb mobile_width=\u00a0\u00bbhide\u00a0\u00bb][\/vc_column][vc_column width=\u00a0\u00bb1\/4&Prime; tablet_sm_width=\u00a0\u00bb1-2&Prime; tablet_sm_text_align=\u00a0\u00bbcenter\u00a0\u00bb mobile_text_align=\u00a0\u00bbcenter\u00a0\u00bb][vc_column_text] Le Docteur Marine Michez est ophtalmologue. Experte en chirurgie de la cataracte et en injections intra-oculaires en cas de traitement de diverses pathologies r\u00e9tiniennes notament pour la DMLA humide. [\/vc_column_text][\/vc_column][vc_column column_effect=\u00a0\u00bbvertical-parallax\u00a0\u00bb column_effect_limit=\u00a0\u00bbnone\u00a0\u00bb width=\u00a0\u00bb1\/4&Prime; tablet_sm_width=\u00a0\u00bb1-2&Prime; css=\u00a0\u00bb.vc_custom_1606387214291{padding-top: 50px !important;}\u00a0\u00bb][\/vc_column][vc_column [&hellip;]<\/p>\n","protected":false},"author":1,"featured_media":0,"parent":616,"menu_order":0,"comment_status":"closed","ping_status":"closed","template":"","meta":{"inline_featured_image":false,"footnotes":""},"class_list":["post-610","page","type-page","status-publish","hentry"],"_links":{"self":[{"href":"https:\/\/www.drmeunier.be\/fr\/wp-json\/wp\/v2\/pages\/610","targetHints":{"allow":["GET"]}}],"collection":[{"href":"https:\/\/www.drmeunier.be\/fr\/wp-json\/wp\/v2\/pages"}],"about":[{"href":"https:\/\/www.drmeunier.be\/fr\/wp-json\/wp\/v2\/types\/page"}],"author":[{"embeddable":true,"href":"https:\/\/www.drmeunier.be\/fr\/wp-json\/wp\/v2\/users\/1"}],"replies":[{"embeddable":true,"href":"https:\/\/www.drmeunier.be\/fr\/wp-json\/wp\/v2\/comments?post=610"}],"version-history":[{"count":11,"href":"https:\/\/www.drmeunier.be\/fr\/wp-json\/wp\/v2\/pages\/610\/revisions"}],"predecessor-version":[{"id":768,"href":"https:\/\/www.drmeunier.be\/fr\/wp-json\/wp\/v2\/pages\/610\/revisions\/768"}],"up":[{"embeddable":true,"href":"https:\/\/www.drmeunier.be\/fr\/wp-json\/wp\/v2\/pages\/616"}],"wp:attachment":[{"href":"https:\/\/www.drmeunier.be\/fr\/wp-json\/wp\/v2\/media?parent=610"}],"curies":[{"name":"wp","href":"https:\/\/api.w.org\/{rel}","templated":true}]}}