{"id":2,"date":"2018-06-05T14:28:11","date_gmt":"2018-06-05T12:28:11","guid":{"rendered":"http:\/\/drmeunier.testwork.be\/?page_id=2"},"modified":"2024-09-01T19:28:36","modified_gmt":"2024-09-01T17:28:36","slug":"accueil","status":"publish","type":"page","link":"https:\/\/www.drmeunier.be\/fr\/","title":{"rendered":"Accueil"},"content":{"rendered":"<div class=\"wpb-content-wrapper\"><p>[vc_row padding_top_multiplier=\u00a0\u00bb3x\u00a0\u00bb padding_bottom_multiplier=\u00a0\u00bb3x\u00a0\u00bb][vc_column][vc_column_text text_style=\u00a0\u00bbsubtitle\u00a0\u00bb]<\/p>\n<p style=\"text-align: center;\"><span style=\"color: #333333;\">Expertise en<\/span><\/p>\n<p>[\/vc_column_text]<h2 class=\"grve-element grve-title grve-align-center grve-h2\" style=\"margin-bottom: 30px;\"><span>G\u00e9n\u00e9tique ophtalmologique<span class=\"grve-title-line grve-bg-primary-1\" style=\"width: 50px;height: 2px;\"><\/span><\/span><\/h2>[vc_column_text css=\u00a0\u00bb.vc_custom_1588160937826{margin-bottom: 30px !important;}\u00a0\u00bb text_style=\u00a0\u00bbleader-text\u00a0\u00bb]<\/p>\n<p style=\"text-align: center;\">Certaines maladies des yeux sont caus\u00e9es par une alt\u00e9ration de notre code g\u00e9n\u00e9tique : l\u2019ADN. Celles-ci peuvent atteindre diff\u00e9rentes parties de l\u2019oeil et\/ou \u00eatre associ\u00e9es \u00e0 des atteintes d\u2019autres organes (comme les oreilles, la peau, le pancr\u00e9as,\u2026). On estime que 60% des cas de c\u00e9cit\u00e9 chez l\u2019enfant sont dus \u00e0 des maladies associ\u00e9es \u00e0 des facteurs g\u00e9n\u00e9tiques.<\/p>\n<p>[\/vc_column_text]<div class=\"grve-element grve-align-center\"><a href=\"\/fr\/ophtalmo-genetique\/\" class=\"grve-btn grve-btn-large grve-btn-underline grve-text-primary-2 grve-text-hover-primary-2\"><span>En savoir plus<span class=\"grve-btn-bottom-line grve-bg-primary-1\"><\/span><\/span><\/a><\/div>[vc_row_inner css=\u00a0\u00bb.vc_custom_1529950846202{padding-top: 50px !important;}\u00a0\u00bb][vc_column_inner width=\u00a0\u00bb1\/3&Prime;]<div class=\"grve-element grve-image grve-align-center grve-full-image grve-image-space-100\" style=\"\">  <div class=\"grve-image-wrapper\"><img decoding=\"async\" width=\"640\" height=\"400\" src=\"https:\/\/www.drmeunier.be\/wp-content\/uploads\/2018\/06\/blue-eye.jpg\" class=\"attachment-full size-full\" alt=\"\" srcset=\"https:\/\/www.drmeunier.be\/wp-content\/uploads\/2018\/06\/blue-eye.jpg 1x,https:\/\/www.drmeunier.be\/wp-content\/uploads\/2018\/06\/blue-eye.jpg 2x\" \/>   <\/div><\/div>[\/vc_column_inner][vc_column_inner width=\u00a0\u00bb1\/3&Prime;]<div class=\"grve-element grve-image grve-align-center grve-full-image grve-image-space-100\" style=\"\">  <div class=\"grve-image-wrapper\"><img decoding=\"async\" width=\"640\" height=\"400\" src=\"https:\/\/www.drmeunier.be\/wp-content\/uploads\/2018\/06\/ADN.jpg\" class=\"attachment-full size-full\" alt=\"\" srcset=\"https:\/\/www.drmeunier.be\/wp-content\/uploads\/2018\/06\/ADN.jpg 1x,https:\/\/www.drmeunier.be\/wp-content\/uploads\/2018\/06\/ADN.jpg 2x\" \/>   <\/div><\/div>[\/vc_column_inner][vc_column_inner width=\u00a0\u00bb1\/3&Prime;]<div class=\"grve-element grve-image grve-align-center grve-full-image grve-image-space-100\" style=\"\">  <div class=\"grve-image-wrapper\"><img decoding=\"async\" width=\"640\" height=\"400\" src=\"https:\/\/www.drmeunier.be\/wp-content\/uploads\/2018\/06\/ophtalmologie_refraction.jpg\" class=\"attachment-full size-full\" alt=\"\" srcset=\"https:\/\/www.drmeunier.be\/wp-content\/uploads\/2018\/06\/ophtalmologie_refraction.jpg 1x,https:\/\/www.drmeunier.be\/wp-content\/uploads\/2018\/06\/ophtalmologie_refraction.jpg 2x\" \/>   <\/div><\/div>[\/vc_column_inner][\/vc_row_inner][\/vc_column][\/vc_row][vc_row heading_color=\u00a0\u00bbdark\u00a0\u00bb disable_element=\u00a0\u00bbyes\u00a0\u00bb bg_type=\u00a0\u00bbcolor\u00a0\u00bb padding_top_multiplier=\u00a0\u00bb3x\u00a0\u00bb padding_bottom_multiplier=\u00a0\u00bb3x\u00a0\u00bb bg_color=\u00a0\u00bb#e9e9e9&Prime; font_color=\u00a0\u00bb#999999&Prime;][vc_column][vc_column_text text_style=\u00a0\u00bbsubtitle\u00a0\u00bb]<\/p>\n<p style=\"text-align: center;\"><span style=\"color: #333333;\">Nouvelle consultation<\/span><\/p>\n<p>[\/vc_column_text]<h2 class=\"grve-element grve-title grve-align-center grve-h2\" style=\"margin-bottom: 30px;\"><span>Nouveau traitement pour les yeux secs!<span class=\"grve-title-line grve-bg-primary-1\" style=\"width: 50px;height: 2px;\"><\/span><\/span><\/h2>[vc_column_text css=\u00a0\u00bb.vc_custom_1588160948000{margin-bottom: 30px !important;}\u00a0\u00bb text_style=\u00a0\u00bbleader-text\u00a0\u00bb]<\/p>\n<p style=\"text-align: center;\">La s\u00e9cheresse oculaire touche des milliers de personnes. En cause : la pollution, le tabagisme passif, les espaces surchauff\u00e9s, la climatisation, l&rsquo;exposition prolong\u00e9e aux \u00e9crans,&#8230; Les sympt\u00f4mes ressentis sont une sensation de grains de sable, de br\u00fblure ou une vision floue intermittente. La plupart des s\u00e9cheresses oculaires sont dues \u00e0 un dysfonctionnement des glandes de Moebomius situ\u00e9es dans nos paupi\u00e8res. Il existe maintenant un traitement indolore permettant de stimuler ces glandes. Pour plus de renseignements parlez en \u00e0 votre ophtalmologue ou appelez le 02\/201 6000.<\/p>\n<p>[\/vc_column_text]<div class=\"grve-element grve-align-center\"><a href=\"\/fr\/cabinet\/\" class=\"grve-btn grve-btn-large grve-btn-underline grve-text-primary-2 grve-text-hover-primary-2\"><span>En savoir plus<span class=\"grve-btn-bottom-line grve-bg-primary-1\"><\/span><\/span><\/a><\/div>[vc_row_inner css=\u00a0\u00bb.vc_custom_1529950846202{padding-top: 50px !important;}\u00a0\u00bb][vc_column_inner width=\u00a0\u00bb1\/3&Prime;]<div class=\"grve-element grve-image grve-align-center grve-full-image grve-image-space-100\" style=\"\">  <div class=\"grve-image-wrapper\"><img decoding=\"async\" width=\"5616\" height=\"3744\" src=\"https:\/\/www.drmeunier.be\/wp-content\/uploads\/2019\/02\/AdobeStock_80698138.jpeg\" class=\"attachment-full size-full\" alt=\"\" srcset=\"https:\/\/www.drmeunier.be\/wp-content\/uploads\/2019\/02\/AdobeStock_80698138.jpeg 5616w, https:\/\/www.drmeunier.be\/wp-content\/uploads\/2019\/02\/AdobeStock_80698138-300x200.jpeg 300w, https:\/\/www.drmeunier.be\/wp-content\/uploads\/2019\/02\/AdobeStock_80698138-768x512.jpeg 768w, https:\/\/www.drmeunier.be\/wp-content\/uploads\/2019\/02\/AdobeStock_80698138-1024x683.jpeg 1024w, https:\/\/www.drmeunier.be\/wp-content\/uploads\/2019\/02\/AdobeStock_80698138-1920x1280.jpeg 1920w\" sizes=\"(max-width: 5616px) 100vw, 5616px\" \/>   <\/div><\/div>[\/vc_column_inner][vc_column_inner width=\u00a0\u00bb1\/3&Prime;]<div class=\"grve-element grve-image grve-align-center grve-full-image grve-image-space-100\" style=\"\">  <div class=\"grve-image-wrapper\"><img decoding=\"async\" width=\"5000\" height=\"3333\" src=\"https:\/\/www.drmeunier.be\/wp-content\/uploads\/2019\/02\/AdobeStock_141288425.jpeg\" class=\"attachment-full size-full\" alt=\"\" srcset=\"https:\/\/www.drmeunier.be\/wp-content\/uploads\/2019\/02\/AdobeStock_141288425.jpeg 5000w, https:\/\/www.drmeunier.be\/wp-content\/uploads\/2019\/02\/AdobeStock_141288425-300x200.jpeg 300w, https:\/\/www.drmeunier.be\/wp-content\/uploads\/2019\/02\/AdobeStock_141288425-768x512.jpeg 768w, https:\/\/www.drmeunier.be\/wp-content\/uploads\/2019\/02\/AdobeStock_141288425-1024x683.jpeg 1024w, https:\/\/www.drmeunier.be\/wp-content\/uploads\/2019\/02\/AdobeStock_141288425-1920x1280.jpeg 1920w\" sizes=\"(max-width: 5000px) 100vw, 5000px\" \/>   <\/div><\/div>[\/vc_column_inner][vc_column_inner width=\u00a0\u00bb1\/3&Prime;]<div class=\"grve-element grve-image grve-align-center grve-full-image grve-image-space-100\" style=\"\">  <div class=\"grve-image-wrapper\"><img decoding=\"async\" width=\"5472\" height=\"3648\" src=\"https:\/\/www.drmeunier.be\/wp-content\/uploads\/2019\/02\/AdobeStock_220689736.jpeg\" class=\"attachment-full size-full\" alt=\"\" srcset=\"https:\/\/www.drmeunier.be\/wp-content\/uploads\/2019\/02\/AdobeStock_220689736.jpeg 5472w, https:\/\/www.drmeunier.be\/wp-content\/uploads\/2019\/02\/AdobeStock_220689736-300x200.jpeg 300w, https:\/\/www.drmeunier.be\/wp-content\/uploads\/2019\/02\/AdobeStock_220689736-768x512.jpeg 768w, https:\/\/www.drmeunier.be\/wp-content\/uploads\/2019\/02\/AdobeStock_220689736-1024x683.jpeg 1024w, https:\/\/www.drmeunier.be\/wp-content\/uploads\/2019\/02\/AdobeStock_220689736-1920x1280.jpeg 1920w\" sizes=\"(max-width: 5472px) 100vw, 5472px\" \/>   <\/div><\/div>[\/vc_column_inner][\/vc_row_inner][\/vc_column][\/vc_row][vc_row heading_color=\u00a0\u00bblight\u00a0\u00bb bg_type=\u00a0\u00bbcolor\u00a0\u00bb padding_top_multiplier=\u00a0\u00bb3x\u00a0\u00bb padding_bottom_multiplier=\u00a0\u00bb3x\u00a0\u00bb bg_color=\u00a0\u00bb#0a426b\u00a0\u00bb font_color=\u00a0\u00bb#ffffff\u00a0\u00bb][vc_column text_align=\u00a0\u00bbcenter\u00a0\u00bb]<h2 class=\"grve-element grve-title grve-align-center grve-h2\" style=\"margin-bottom: 30px;\"><span>Participez \u00e0 nos \u00e9tudes<span class=\"grve-title-line grve-bg-primary-1\" style=\"width: 50px;height: 2px;\"><\/span><\/span><\/h2>[vc_column_text css=\u00a0\u00bb.vc_custom_1588161141687{margin-bottom: 30px !important;}\u00a0\u00bb text_style=\u00a0\u00bbleader-text\u00a0\u00bb]Le Dr Meunier collabore r\u00e9guli\u00e8rement \u00e0 des \u00e9tudes scientifiques qui pourraient vous int\u00e9resser. Ces \u00e9tudes sont reconnues. C\u2019est au cours de la consultation que le docteur Meunier vous dira si vous \u00eates \u00e9ligibles pour \u00eatre inclus dans l\u2019\u00e9tude.[\/vc_column_text]<div class=\"grve-element grve-align-center\"><a href=\"\/fr\/etudes\/\" class=\"grve-btn grve-btn-medium grve-square grve-bg-primary-1 grve-bg-hover-white\"><span>\u00c7a m'int\u00e9resse !<\/span><\/a><\/div>[\/vc_column][\/vc_row][vc_row padding_top_multiplier=\u00a0\u00bb3x\u00a0\u00bb padding_bottom_multiplier=\u00a0\u00bb3x\u00a0\u00bb][vc_column][vc_column_text text_style=\u00a0\u00bbsubtitle\u00a0\u00bb]<\/p>\n<p style=\"text-align: center;\"><span style=\"color: #333333;\">Pour mieux vous soigner<\/span><\/p>\n<p>[\/vc_column_text]<h2 class=\"grve-element grve-title grve-align-center grve-h2\" style=\"margin-bottom: 30px;\"><span>Un \u00e9quipement de pointe<span class=\"grve-title-line grve-bg-primary-1\" style=\"width: 50px;height: 2px;\"><\/span><\/span><\/h2>[vc_row_inner css=\u00a0\u00bb.vc_custom_1529953370918{padding-top: 20px !important;}\u00a0\u00bb][vc_column_inner width=\u00a0\u00bb1\/3&Prime;]<div class=\"grve-element grve-box-icon grve-small grve-side-icon grve-align-left\" style=\"\"><div class=\"grve-wrapper-icon grve-no-shape\" style=\"\"><i class=\"grve-text-primary-1 smp-icon-eye\"><\/i><\/div><div class=\"grve-box-content\"><div class=\"grve-box-title-wrapper\"><h3 class=\"grve-box-title grve-h6\">2 types de champs visuel<\/h3><\/div>  <p class=\"\">cin\u00e9tique et statique<\/p><\/div><\/div>[\/vc_column_inner][vc_column_inner width=\u00a0\u00bb1\/3&Prime;]<div class=\"grve-element grve-box-icon grve-small grve-side-icon grve-align-left\" style=\"\"><div class=\"grve-wrapper-icon grve-no-shape\" style=\"\"><i class=\"grve-text-primary-1 smp-icon-disc\"><\/i><\/div><div class=\"grve-box-content\"><div class=\"grve-box-title-wrapper\"><h3 class=\"grve-box-title grve-h6\">OCT (optical coherence tomography)<\/h3><\/div>  <p class=\"\">permettant de faire le scanner des diff\u00e9rentes parties de vos yeux (r\u00e9tine, macula, nerf optique)<\/p><\/div><\/div>[\/vc_column_inner][vc_column_inner width=\u00a0\u00bb1\/3&Prime;]<div class=\"grve-element grve-box-icon grve-small grve-side-icon grve-align-left\" style=\"\"><div class=\"grve-wrapper-icon grve-no-shape\" style=\"\"><i class=\"grve-text-primary-1 smp-icon-camera\"><\/i><\/div><div class=\"grve-box-content\"><div class=\"grve-box-title-wrapper\"><h3 class=\"grve-box-title grve-h6\">Photographies du fond de l\u2019oeil<\/h3><\/div>  <p class=\"\">un appareil permettant de faire les photos de votre r\u00e9tine (fond d\u2019oeil)<\/p><\/div><\/div>[\/vc_column_inner][\/vc_row_inner][vc_row_inner css=\u00a0\u00bb.vc_custom_1529950846202{padding-top: 50px !important;}\u00a0\u00bb][vc_column_inner width=\u00a0\u00bb1\/3&Prime;]<div class=\"grve-element grve-box-icon grve-small grve-side-icon grve-align-left\" style=\"\"><div class=\"grve-wrapper-icon grve-no-shape\" style=\"\"><i class=\"grve-text-primary-1 et-icon-grid\"><\/i><\/div><div class=\"grve-box-content\"><div class=\"grve-box-title-wrapper\"><h3 class=\"grve-box-title grve-h6\">Un coordim\u00e8tre lancaster<\/h3><\/div>  <p class=\"\">permettant d\u2019\u00e9valuer l\u2019importance des troubles moteurs des yeux<\/p><\/div><\/div>[\/vc_column_inner][vc_column_inner width=\u00a0\u00bb1\/3&Prime;]<div class=\"grve-element grve-box-icon grve-small grve-side-icon grve-align-left\" style=\"\"><div class=\"grve-wrapper-icon grve-no-shape\" style=\"\"><i class=\"grve-text-primary-1 smp-icon-diamond\"><\/i><\/div><div class=\"grve-box-content\"><div class=\"grve-box-title-wrapper\"><h3 class=\"grve-box-title grve-h6\">\u00c9quipement complet<\/h3><\/div>  <p class=\"\">permettant le diagnostic des glaucomes pr\u00e9coces et un suivi pr\u00e9cis<\/p><\/div><\/div>[\/vc_column_inner][vc_column_inner width=\u00a0\u00bb1\/3&Prime;]<div class=\"grve-element grve-box-icon grve-small grve-side-icon grve-align-left\" style=\"\"><div class=\"grve-wrapper-icon grve-no-shape\" style=\"\"><i class=\"grve-text-primary-1 smp-icon-target\"><\/i><\/div><div class=\"grve-box-content\"><div class=\"grve-box-title-wrapper\"><h3 class=\"grve-box-title grve-h6\">Un laser<\/h3><\/div>  <p class=\"\">permettant de vous traiter pr\u00e9ventivement contre le glaucome aigu si cela est indiqu\u00e9<\/p><\/div><\/div>[\/vc_column_inner][\/vc_row_inner]<div class=\"grve-empty-space grve-height-2x\" style=\"\"><\/div><div class=\"grve-element grve-align-center\"><a href=\"\/fr\/cabinet\/\" class=\"grve-btn grve-btn-large grve-square grve-bg-primary-1 grve-bg-hover-primary-2\"><span><i class=\"fas fa-search-plus\"><\/i>\u00c0 quoi \u00e7a ressemble ?<\/span><\/a><\/div>[\/vc_column][\/vc_row][vc_row bg_type=\u00a0\u00bbimage\u00a0\u00bb bg_image=\u00a0\u00bb55&Prime; bg_position=\u00a0\u00bbcenter-bottom\u00a0\u00bb padding_top_multiplier=\u00a0\u00bb3x\u00a0\u00bb padding_bottom_multiplier=\u00a0\u00bb3x\u00a0\u00bb margin_bottom=\u00a0\u00bb0&Prime;][vc_column]<h2 class=\"grve-element grve-title grve-align-center grve-h2\" style=\"margin-bottom: 30px;\"><span>Fi\u00e8rement membre<span class=\"grve-title-line grve-bg-primary-1\" style=\"width: 50px;height: 2px;\"><\/span><\/span><\/h2><div class=\"grve-element grve-flexible-carousel grve-carousel grve-layout-1 grve-with-gap\" style=\"\"><div class=\"grve-carousel-wrapper\"><div class=\"grve-carousel-navigation grve-dark grve-navigation-1 grve-navigation-carousel\"><div class=\"grve-carousel-buttons\"><div class=\"grve-carousel-prev\"><i class=\"grve-icon-nav-left-small\"><\/i><span class=\"screen-reader-text\">Previous<\/span><\/div><div class=\"grve-carousel-next\"><i class=\"grve-icon-nav-right-small\"><\/i><span class=\"screen-reader-text\">Next<\/span><\/div><\/div><\/div>\t<div class=\"grve-flexible-carousel-element \" data-items=\"6\" data-items-tablet-landscape=\"6\" data-items-tablet-portrait=\"3\" data-items-mobile=\"1\" data-slider-autoplay=\"yes\" data-slider-speed=\"3000\" data-slider-pause=\"no\" data-pagination-speed=\"400\" data-pagination=\"no\" data-slider-autoheight=\"no\"><div class=\"grve-element grve-image grve-align-center\" style=\"\">  <div class=\"grve-image-wrapper\"><a href=\"https:\/\/www.ever.be\/\" target=\"_blank\" rel=\"noopener noreferrer\"><img decoding=\"async\" width=\"230\" height=\"188\" src=\"https:\/\/www.drmeunier.be\/wp-content\/uploads\/2018\/06\/EVER-logo-blue-1.png\" class=\"attachment-full size-full\" alt=\"\" srcset=\"https:\/\/www.drmeunier.be\/wp-content\/uploads\/2018\/06\/EVER-logo-blue-1.png 1x,https:\/\/www.drmeunier.be\/wp-content\/uploads\/2018\/06\/EVER-logo-blue-1.png 2x\" \/><\/a>   <\/div><\/div><div class=\"grve-element grve-image grve-align-center\" style=\"\">  <div class=\"grve-image-wrapper\"><a href=\"https:\/\/isgedr.com\/\" target=\"_blank\" rel=\"noopener noreferrer\"><img decoding=\"async\" width=\"230\" height=\"188\" src=\"https:\/\/www.drmeunier.be\/wp-content\/uploads\/2018\/06\/isgedr.png\" class=\"attachment-full size-full\" alt=\"\" srcset=\"https:\/\/www.drmeunier.be\/wp-content\/uploads\/2018\/06\/isgedr.png 1x,https:\/\/www.drmeunier.be\/wp-content\/uploads\/2018\/06\/isgedr.png 2x\" \/><\/a>   <\/div><\/div><div class=\"grve-element grve-image grve-align-center\" style=\"\">  <div class=\"grve-image-wrapper\"><a href=\"http:\/\/www.sensgene.com\/\" target=\"_blank\" rel=\"noopener noreferrer\"><img decoding=\"async\" width=\"230\" height=\"188\" src=\"https:\/\/www.drmeunier.be\/wp-content\/uploads\/2018\/06\/sens-gene-logo.png\" class=\"attachment-full size-full\" alt=\"\" srcset=\"https:\/\/www.drmeunier.be\/wp-content\/uploads\/2018\/06\/sens-gene-logo.png 1x,https:\/\/www.drmeunier.be\/wp-content\/uploads\/2018\/06\/sens-gene-logo.png 2x\" \/><\/a>   <\/div><\/div><div class=\"grve-element grve-image grve-align-center\" style=\"\">  <div class=\"grve-image-wrapper\"><a href=\"http:\/\/www.sfo.asso.fr\/\" target=\"_blank\" rel=\"noopener noreferrer\"><img decoding=\"async\" width=\"230\" height=\"188\" src=\"https:\/\/www.drmeunier.be\/wp-content\/uploads\/2018\/06\/sfo-logo.png\" class=\"attachment-full size-full\" alt=\"\" srcset=\"https:\/\/www.drmeunier.be\/wp-content\/uploads\/2018\/06\/sfo-logo.png 1x,https:\/\/www.drmeunier.be\/wp-content\/uploads\/2018\/06\/sfo-logo.png 2x\" \/><\/a>   <\/div><\/div><div class=\"grve-element grve-image grve-align-center\" style=\"\">  <div class=\"grve-image-wrapper\"><a href=\"https:\/\/www.retinapigmentosa.be\/\" target=\"_blank\" rel=\"noopener noreferrer\"><img decoding=\"async\" width=\"230\" height=\"188\" src=\"https:\/\/www.drmeunier.be\/wp-content\/uploads\/2018\/06\/retina-pigmentosa-logo.png\" class=\"attachment-full size-full\" alt=\"\" srcset=\"https:\/\/www.drmeunier.be\/wp-content\/uploads\/2018\/06\/retina-pigmentosa-logo.png 1x,https:\/\/www.drmeunier.be\/wp-content\/uploads\/2018\/06\/retina-pigmentosa-logo.png 2x\" \/><\/a>   <\/div><\/div><div class=\"grve-element grve-image grve-align-center\" style=\"\">  <div class=\"grve-image-wrapper\"><a href=\"http:\/\/www.neuro-ophtalmologie-club.org\/\" target=\"_blank\" rel=\"noopener noreferrer\"><img decoding=\"async\" width=\"230\" height=\"188\" src=\"https:\/\/www.drmeunier.be\/wp-content\/uploads\/2018\/06\/club-neuro-ophtalmo.png\" class=\"attachment-full size-full\" alt=\"\" srcset=\"https:\/\/www.drmeunier.be\/wp-content\/uploads\/2018\/06\/club-neuro-ophtalmo.png 1x,https:\/\/www.drmeunier.be\/wp-content\/uploads\/2018\/06\/club-neuro-ophtalmo.png 2x\" \/><\/a>   <\/div><\/div><div class=\"grve-element grve-image grve-align-center\" style=\"\">  <div class=\"grve-image-wrapper\"><a href=\"https:\/\/www.usher-syndrome.org\/\" target=\"_blank\" rel=\"noopener noreferrer\"><img decoding=\"async\" width=\"230\" height=\"188\" src=\"https:\/\/www.drmeunier.be\/wp-content\/uploads\/2018\/06\/usher-syndrome-coalition.png\" class=\"attachment-full size-full\" alt=\"\" srcset=\"https:\/\/www.drmeunier.be\/wp-content\/uploads\/2018\/06\/usher-syndrome-coalition.png 1x,https:\/\/www.drmeunier.be\/wp-content\/uploads\/2018\/06\/usher-syndrome-coalition.png 2x\" \/><\/a>   <\/div><\/div><div class=\"grve-element grve-image grve-align-center\" style=\"\">  <div class=\"grve-image-wrapper\"><a href=\"https:\/\/sites.google.com\/site\/societeophtalmologiegenetique\/home\" target=\"_blank\" rel=\"noopener noreferrer\"><img decoding=\"async\" width=\"230\" height=\"188\" src=\"https:\/\/www.drmeunier.be\/wp-content\/uploads\/2018\/07\/sgof-logo.png\" class=\"attachment-full size-full\" alt=\"\" srcset=\"https:\/\/www.drmeunier.be\/wp-content\/uploads\/2018\/07\/sgof-logo.png 1x,https:\/\/www.drmeunier.be\/wp-content\/uploads\/2018\/07\/sgof-logo.png 2x\" \/><\/a>   <\/div><\/div><div class=\"grve-element grve-image grve-align-center\" style=\"\">  <div class=\"grve-image-wrapper\"><a href=\"https:\/\/sites.google.com\/site\/seveactu\/\" target=\"_blank\" rel=\"noopener noreferrer\"><img decoding=\"async\" width=\"230\" height=\"188\" src=\"https:\/\/www.drmeunier.be\/wp-content\/uploads\/2018\/06\/SEVE-logo.png\" class=\"attachment-full size-full\" alt=\"\" srcset=\"https:\/\/www.drmeunier.be\/wp-content\/uploads\/2018\/06\/SEVE-logo.png 1x,https:\/\/www.drmeunier.be\/wp-content\/uploads\/2018\/06\/SEVE-logo.png 2x\" \/><\/a>   <\/div><\/div><div class=\"grve-element grve-image grve-align-center\" style=\"\">  <div class=\"grve-image-wrapper\"><a href=\"http:\/\/www.ophthalmologia.be\/page.php?edi_id=986\" target=\"_blank\" rel=\"noopener noreferrer\"><img decoding=\"async\" width=\"230\" height=\"188\" src=\"https:\/\/www.drmeunier.be\/wp-content\/uploads\/2024\/09\/Ophtalmologia.png\" class=\"attachment-full size-full\" alt=\"\" \/><\/a>   <\/div><\/div><div class=\"grve-element grve-image grve-align-center\" style=\"\">  <div class=\"grve-image-wrapper\"><img decoding=\"async\" width=\"230\" height=\"188\" src=\"https:\/\/www.drmeunier.be\/wp-content\/uploads\/2018\/07\/SBO-logo.png\" class=\"attachment-full size-full\" alt=\"\" srcset=\"https:\/\/www.drmeunier.be\/wp-content\/uploads\/2018\/07\/SBO-logo.png 1x,https:\/\/www.drmeunier.be\/wp-content\/uploads\/2018\/07\/SBO-logo.png 2x\" \/>   <\/div><\/div><div class=\"grve-element grve-image grve-align-center\" style=\"\">  <div class=\"grve-image-wrapper\"><a href=\"https:\/\/www.ophta-pedia.info\/\" target=\"_blank\" rel=\"noopener noreferrer\"><img decoding=\"async\" width=\"137\" height=\"140\" src=\"https:\/\/www.drmeunier.be\/wp-content\/uploads\/2021\/01\/logo-Ophta-Pedia.jpg\" class=\"attachment-full size-full\" alt=\"Ophta Pedia\" srcset=\"https:\/\/www.drmeunier.be\/wp-content\/uploads\/2021\/01\/logo-Ophta-Pedia.jpg 1x,https:\/\/www.drmeunier.be\/wp-content\/uploads\/2021\/01\/logo-Ophta-Pedia.jpg 2x\" \/><\/a>   <\/div><\/div><div class=\"grve-element grve-image grve-align-center\" style=\"\">  <div class=\"grve-image-wrapper\"><a href=\"https:\/\/www.eshg.org\/home\" target=\"_blank\" rel=\"noopener noreferrer\"><img decoding=\"async\" width=\"230\" height=\"188\" src=\"https:\/\/www.drmeunier.be\/wp-content\/uploads\/2024\/09\/ESHG.png\" class=\"attachment-full size-full\" alt=\"\" srcset=\"https:\/\/www.drmeunier.be\/wp-content\/uploads\/2024\/09\/ESHG.png 1x,https:\/\/www.drmeunier.be\/wp-content\/uploads\/2024\/09\/ESHG.png 2x\" \/><\/a>   <\/div><\/div><div class=\"grve-element grve-image grve-align-center\" style=\"\">  <div class=\"grve-image-wrapper\"><a href=\"https:\/\/goodsoc.org\/\" target=\"_blank\" rel=\"noopener noreferrer\"><img decoding=\"async\" width=\"230\" height=\"188\" src=\"https:\/\/www.drmeunier.be\/wp-content\/uploads\/2024\/09\/GOOD-logo.png\" class=\"attachment-full size-full\" alt=\"\" srcset=\"https:\/\/www.drmeunier.be\/wp-content\/uploads\/2024\/09\/GOOD-logo.png 1x,https:\/\/www.drmeunier.be\/wp-content\/uploads\/2024\/09\/GOOD-logo.png 2x\" \/><\/a>   <\/div><\/div>\t<\/div>  <\/div><\/div>[\/vc_column][\/vc_row]<\/p>\n<\/div>","protected":false},"excerpt":{"rendered":"<p>[vc_row padding_top_multiplier=\u00a0\u00bb3x\u00a0\u00bb padding_bottom_multiplier=\u00a0\u00bb3x\u00a0\u00bb][vc_column][vc_column_text text_style=\u00a0\u00bbsubtitle\u00a0\u00bb] Expertise en [\/vc_column_text][vc_column_text css=\u00a0\u00bb.vc_custom_1588160937826{margin-bottom: 30px !important;}\u00a0\u00bb text_style=\u00a0\u00bbleader-text\u00a0\u00bb] Certaines maladies des yeux sont caus\u00e9es par une alt\u00e9ration de notre code g\u00e9n\u00e9tique : l\u2019ADN. Celles-ci peuvent atteindre diff\u00e9rentes parties de l\u2019oeil et\/ou \u00eatre associ\u00e9es \u00e0 des atteintes d\u2019autres organes (comme les oreilles, la peau, le pancr\u00e9as,\u2026). On estime que 60% des cas de [&hellip;]<\/p>\n","protected":false},"author":1,"featured_media":346,"parent":0,"menu_order":0,"comment_status":"closed","ping_status":"open","template":"","meta":{"inline_featured_image":false,"footnotes":""},"class_list":["post-2","page","type-page","status-publish","has-post-thumbnail","hentry"],"_links":{"self":[{"href":"https:\/\/www.drmeunier.be\/fr\/wp-json\/wp\/v2\/pages\/2","targetHints":{"allow":["GET"]}}],"collection":[{"href":"https:\/\/www.drmeunier.be\/fr\/wp-json\/wp\/v2\/pages"}],"about":[{"href":"https:\/\/www.drmeunier.be\/fr\/wp-json\/wp\/v2\/types\/page"}],"author":[{"embeddable":true,"href":"https:\/\/www.drmeunier.be\/fr\/wp-json\/wp\/v2\/users\/1"}],"replies":[{"embeddable":true,"href":"https:\/\/www.drmeunier.be\/fr\/wp-json\/wp\/v2\/comments?post=2"}],"version-history":[{"count":73,"href":"https:\/\/www.drmeunier.be\/fr\/wp-json\/wp\/v2\/pages\/2\/revisions"}],"predecessor-version":[{"id":802,"href":"https:\/\/www.drmeunier.be\/fr\/wp-json\/wp\/v2\/pages\/2\/revisions\/802"}],"wp:featuredmedia":[{"embeddable":true,"href":"https:\/\/www.drmeunier.be\/fr\/wp-json\/wp\/v2\/media\/346"}],"wp:attachment":[{"href":"https:\/\/www.drmeunier.be\/fr\/wp-json\/wp\/v2\/media?parent=2"}],"curies":[{"name":"wp","href":"https:\/\/api.w.org\/{rel}","templated":true}]}}