{"id":140,"date":"2018-06-26T17:49:07","date_gmt":"2018-06-26T15:49:07","guid":{"rendered":"http:\/\/drmeunier.testwork.be\/?page_id=140"},"modified":"2024-09-01T19:14:15","modified_gmt":"2024-09-01T17:14:15","slug":"contact-rendez-vous","status":"publish","type":"page","link":"https:\/\/www.drmeunier.be\/fr\/contact-rendez-vous\/","title":{"rendered":"Contact &#038; rendez-vous"},"content":{"rendered":"<div class=\"wpb-content-wrapper\"><p>[vc_row heading_color=\u00a0\u00bbprimary-2&Prime; padding_top_multiplier=\u00a0\u00bb3x\u00a0\u00bb padding_bottom_multiplier=\u00a0\u00bb3x\u00a0\u00bb columns_gap=\u00a0\u00bb60&Prime; equal_column_height=\u00a0\u00bbequal-column\u00a0\u00bb][vc_column width=\u00a0\u00bb1\/2&Prime; tablet_sm_width=\u00a0\u00bb1&Prime; css=\u00a0\u00bb.vc_custom_1531302416296{padding-top: 10% !important;padding-right: 10% !important;padding-bottom: 10% !important;padding-left: 10% !important;background-color: #f7f7f7 !important;border-radius: 5px !important;}\u00a0\u00bb]<div class=\"grve-element grve-image grve-align-center\" style=\"margin-bottom: 30px;\">  <div class=\"grve-image-wrapper\"><img decoding=\"async\" width=\"1024\" height=\"768\" src=\"https:\/\/www.drmeunier.be\/wp-content\/uploads\/2018\/07\/Dr-meunier-cabinet-tubize-1024x768.jpg\" class=\"attachment-large size-large\" alt=\"\" srcset=\"https:\/\/www.drmeunier.be\/wp-content\/uploads\/2018\/07\/Dr-meunier-cabinet-tubize-1024x768.jpg 1024w, https:\/\/www.drmeunier.be\/wp-content\/uploads\/2018\/07\/Dr-meunier-cabinet-tubize-300x225.jpg 300w, https:\/\/www.drmeunier.be\/wp-content\/uploads\/2018\/07\/Dr-meunier-cabinet-tubize-768x576.jpg 768w, https:\/\/www.drmeunier.be\/wp-content\/uploads\/2018\/07\/Dr-meunier-cabinet-tubize-560x420.jpg 560w, https:\/\/www.drmeunier.be\/wp-content\/uploads\/2018\/07\/Dr-meunier-cabinet-tubize-900x675.jpg 900w, https:\/\/www.drmeunier.be\/wp-content\/uploads\/2018\/07\/Dr-meunier-cabinet-tubize.jpg 1500w\" sizes=\"(max-width: 1024px) 100vw, 1024px\" \/>   <\/div><\/div><h3 class=\"grve-element grve-title grve-align-center grve-h6\" style=\"\"><span>TUBIZE<span class=\"grve-title-line grve-bg-primary-1\" style=\"width: 50px;height: 2px;\"><\/span><\/span><\/h3>[vc_column_text css=\u00a0\u00bb\u00a0\u00bb]<\/p>\n<p style=\"text-align: center;\">Le cabinet priv\u00e9 du Dr Meunier est situ\u00e9 \u00e0 Tubize.<\/p>\n<p style=\"text-align: center;\">Pour tous types de consultations ophtalmologiques.<br \/>\nSecr\u00e9tariat t\u00e9l\u00e9phonique ouvert les lundis, mardis et vendredis.<\/p>\n<p style=\"text-align: center;\"><a href=\"tel:+32022016000\">+32 (0)2 201 60 00<\/a><br \/>\n<a href=\"mailto:info@drmeunier.be\">info@drmeunier.be<\/a><br \/>\n<a href=\"https:\/\/www.google.com\/maps\/place\/Dr%C3%A8ve+du+Vivier+15,+1480+Tubize\/@50.6679274,4.2286542,17z\/data=!3m1!4b1!4m5!3m4!1s0x47c3ca34e0c11d5f:0xd7acb5e6d8047a35!8m2!3d50.667924!4d4.2308429\" target=\"_blank\" rel=\"noopener noreferrer\">15 Dr\u00e8ve du Vivier<br \/>\n1480 Oisquercq<\/a><\/p>\n<p>[\/vc_column_text]<div class=\"grve-empty-space grve-height-2x\" style=\"\"><\/div><div class=\"grve-element grve-align-center\"><a href=\"https:\/\/progenda.be\/centers\/meunier-audrey\/\" target=\"_blank\" rel=\"noopener noreferrer\" class=\"grve-btn grve-btn-medium grve-square grve-bg-primary-1 grve-bg-hover-primary-2\"><span><i class=\"fas fa-mouse-pointer\"><\/i>Prendre rendez-vous<\/span><\/a><\/div>[\/vc_column][vc_column width=\u00a0\u00bb1\/2&Prime; tablet_sm_width=\u00a0\u00bb1&Prime; css=\u00a0\u00bb.vc_custom_1531302422850{padding-top: 10% !important;padding-right: 10% !important;padding-bottom: 10% !important;padding-left: 10% !important;background-color: #f7f7f7 !important;border-radius: 5px !important;}\u00a0\u00bb]<div class=\"grve-element grve-image grve-align-center\" style=\"margin-bottom: 30px;\">  <div class=\"grve-image-wrapper\"><img decoding=\"async\" width=\"454\" height=\"340\" src=\"https:\/\/www.drmeunier.be\/wp-content\/uploads\/2019\/01\/CHU-Saint-Pierre.jpg\" class=\"attachment-large size-large\" alt=\"\" srcset=\"https:\/\/www.drmeunier.be\/wp-content\/uploads\/2019\/01\/CHU-Saint-Pierre.jpg 454w, https:\/\/www.drmeunier.be\/wp-content\/uploads\/2019\/01\/CHU-Saint-Pierre-300x225.jpg 300w\" sizes=\"(max-width: 454px) 100vw, 454px\" \/>   <\/div><\/div><h3 class=\"grve-element grve-title grve-align-center grve-h6\" style=\"\"><span>Bruxelles<span class=\"grve-title-line grve-bg-primary-1\" style=\"width: 50px;height: 2px;\"><\/span><\/span><\/h3>[vc_column_text]<\/p>\n<p style=\"text-align: center;\">Le Dr Meunier re\u00e7oit \u00e9galement au Centre Universitaire Saint-Pierre.<\/p>\n<p style=\"text-align: center;\">R\u00e9serv\u00e9 seulement aux patients atteints de pathologies g\u00e9n\u00e9tiques et neuro-ophtalmologiques.<\/p>\n<p style=\"text-align: center;\"><a href=\"tel:+32025353194\">+32 (0)2 535 31 94<\/a><br \/>\n<a href=\"https:\/\/www.google.com\/maps\/place\/CHU+Saint-Pierre+-+Site+Porte+de+Hal\/@50.8342274,4.345052,17z\/data=!3m1!4b1!4m5!3m4!1s0x47c3c4645398645b:0x7eb8382d8563115!8m2!3d50.834224!4d4.347246\" target=\"_blank\" rel=\"noopener noreferrer\"> 105 Rue aux laines<br \/>\n1000 Bruxelles<\/a><\/p>\n<p>[\/vc_column_text]<div class=\"grve-empty-space grve-height-2x\" style=\"\"><\/div><div class=\"grve-element grve-align-center\"><a href=\"https:\/\/www.stpierre-bru.be\/fr\/consultations\/prendre-un-rendez-vous\" target=\"_blank\" rel=\"noopener noreferrer\" class=\"grve-btn grve-btn-medium grve-square grve-bg-primary-1 grve-bg-hover-primary-2\"><span><i class=\"fa fa-mouse-pointer\"><\/i>Prendre rendez-vous<\/span><\/a><\/div>[\/vc_column][\/vc_row][vc_row section_type=\u00a0\u00bbfullwidth\u00a0\u00bb padding_top_multiplier=\u00a0\u00bb\u00a0\u00bb padding_bottom_multiplier=\u00a0\u00bb\u00a0\u00bb columns_gap=\u00a0\u00bbnone\u00a0\u00bb][vc_column]<div class=\"grve-map-wrapper\"><div class=\"grve-element grve-map\" data-lat=\"50.66792909999999\" data-lng=\"4.230860300000018\" data-zoom=\"14\" data-disable-style=\"no\" style=\"margin-bottom: 0px;height: 300px;\"><\/div><div style=\"display:none\" class=\"grve-map-point\" data-point-marker=\"\/\/www.drmeunier.be\/wp-content\/themes\/movedo\/images\/markers\/transparent.png\" data-point-lat=\"50.66792909999999\" data-point-lng=\"4.230860300000018\" data-point-title=\"Cabinet priv\u00e9 - Tubize\" data-point-type=\"pulse-dot\" data-point-open=\"no\" data-point-marker-width=\"\" data-point-marker-height=\"\" data-point-bg-color=\"primary-1\"><div class=\"grve-map-infotext\"><h6 class=\"grve-infotext-title\">Cabinet priv\u00e9 - Tubize<\/h6><a href=\"https:\/\/www.google.com\/maps\/place\/Dr%C3%A8ve+du+Vivier+15,+1480+Tubize\/@50.6679274,4.2286542,17z\/data=!3m1!4b1!4m5!3m4!1s0x47c3ca34e0c11d5f:0xd7acb5e6d8047a35!8m2!3d50.667924!4d4.2308429\" target=\"_blank\" rel=\"noopener noreferrer\" class=\"grve-infotext-link\">Itin\u00e9raire Google Map<\/a><\/div><\/div><div style=\"display:none\" class=\"grve-map-point\" data-point-marker=\"\/\/www.drmeunier.be\/wp-content\/themes\/movedo\/images\/markers\/transparent.png\" data-point-lat=\"50.834224\" data-point-lng=\"4.347246000000041\" data-point-title=\"CHU Saint-Pierre - Bruxelles\" data-point-type=\"pulse-dot\" data-point-open=\"no\" data-point-marker-width=\"\" data-point-marker-height=\"\" data-point-bg-color=\"primary-1\"><div class=\"grve-map-infotext\"><h6 class=\"grve-infotext-title\">CHU Saint-Pierre - Bruxelles<\/h6><a href=\"https:\/\/www.google.com\/maps\/place\/CHU+Saint-Pierre+-+Site+Porte+de+Hal\/@50.8342274,4.345052,17z\/data=!3m1!4b1!4m5!3m4!1s0x47c3c4645398645b:0x7eb8382d8563115!8m2!3d50.834224!4d4.347246\" target=\"_blank\" rel=\"noopener noreferrer\" class=\"grve-infotext-link\">Itin\u00e9raire Google Map<\/a><\/div><\/div><\/div>[\/vc_column][\/vc_row][vc_row heading_color=\u00a0\u00bblight\u00a0\u00bb bg_type=\u00a0\u00bbcolor\u00a0\u00bb padding_top_multiplier=\u00a0\u00bb3x\u00a0\u00bb padding_bottom_multiplier=\u00a0\u00bb3x\u00a0\u00bb bg_color=\u00a0\u00bb#0a426b\u00a0\u00bb font_color=\u00a0\u00bb#ffffff\u00a0\u00bb][vc_column]<h3 class=\"grve-element grve-title grve-align-center grve-animated-item grve-duration-normal grve-fade-in-up grve-h3\" style=\"margin-bottom: 0px;\" data-delay=\"200\"><span>Concernant votre rendez-vous<span class=\"grve-title-line grve-bg-primary-1\" style=\"width: 50px;height: 2px;\"><\/span><\/span><\/h3><div class=\"grve-empty-space grve-height-2x\" style=\"\"><\/div>[vc_row_inner][vc_column_inner width=\u00a0\u00bb1\/4&Prime;]<div class=\"grve-element grve-box-icon grve-extra-small grve-side-icon grve-align-left\" style=\"margin-bottom: 10px;\"><div class=\"grve-wrapper-icon grve-no-shape\" style=\"\"><i class=\"grve-text-primary-1 fa fa-wheelchair\"><\/i><\/div><div class=\"grve-box-content\"><div class=\"grve-box-title-wrapper\"><h3 class=\"grve-box-title grve-subtitle-text\">Personne \u00e0 mobilit\u00e9 r\u00e9duite<\/h3><\/div>  <p class=\"\">Le cabinet priv\u00e9 n\u2019est pas accessible aux personnes \u00e0 mobilit\u00e9 r\u00e9duite. Vous pouvez prendre rendez-vous au CHU Saint-Pierre : Rue aux laines 105, 1000 Bruxelles.<\/p><\/div><\/div>[\/vc_column_inner][vc_column_inner width=\u00a0\u00bb1\/4&Prime;]<div class=\"grve-element grve-box-icon grve-extra-small grve-side-icon grve-align-left\" style=\"margin-bottom: 10px;\"><div class=\"grve-wrapper-icon grve-no-shape\" style=\"\"><i class=\"grve-text-primary-1 fa fa-user-circle-o\"><\/i><\/div><div class=\"grve-box-content\"><div class=\"grve-box-title-wrapper\"><h3 class=\"grve-box-title grve-subtitle-text\">Carte d'identit\u00e9 et vignette<\/h3><\/div>  <p class=\"\">Pour tout rendez-vous, veuillez vous munir de votre carte d\u2019identit\u00e9 et d\u2019une vignette de mutuelle \u00e0 votre nom.<\/p><\/div><\/div>[\/vc_column_inner][vc_column_inner width=\u00a0\u00bb1\/4&Prime;]<div class=\"grve-element grve-box-icon grve-extra-small grve-side-icon grve-align-left\" style=\"margin-bottom: 10px;\"><div class=\"grve-wrapper-icon grve-no-shape\" style=\"\"><i class=\"grve-text-primary-1 fa fa-info-circle\"><\/i><\/div><div class=\"grve-box-content\"><div class=\"grve-box-title-wrapper\"><h3 class=\"grve-box-title grve-subtitle-text\">Vous souhaitez un avis ?<\/h3><\/div>  <p class=\"\">Si tel est le cas, merci de vous pr\u00e9senter avec l\u2019ensemble de votre dossier, examens r\u00e9alis\u00e9s, prise de sang. <\/p><\/div><\/div>[\/vc_column_inner][vc_column_inner width=\u00a0\u00bb1\/4&Prime;]<div class=\"grve-element grve-box-icon grve-extra-small grve-side-icon grve-align-left\" style=\"margin-bottom: 10px;\"><div class=\"grve-wrapper-icon grve-no-shape\" style=\"\"><i class=\"grve-text-primary-1 fa fa-exclamation-triangle\"><\/i><\/div><div class=\"grve-box-content\"><div class=\"grve-box-title-wrapper\"><h3 class=\"grve-box-title grve-subtitle-text\">Annulation<\/h3><\/div>  <p class=\"\">Besoin de changer votre rendez-vous, veuillez nous contacter au plus vite via mail ou t\u00e9l\u00e9phone.<br \/>\n<strong>Tous rendez-vous non honor\u00e9 et non d\u00e9command\u00e9 vous sera factur\u00e9 15 euros.<\/strong><\/p><\/div><\/div>[\/vc_column_inner][\/vc_row_inner][\/vc_column][\/vc_row]<\/p>\n<\/div>","protected":false},"excerpt":{"rendered":"<p>[vc_row heading_color=\u00a0\u00bbprimary-2&Prime; padding_top_multiplier=\u00a0\u00bb3x\u00a0\u00bb padding_bottom_multiplier=\u00a0\u00bb3x\u00a0\u00bb columns_gap=\u00a0\u00bb60&Prime; equal_column_height=\u00a0\u00bbequal-column\u00a0\u00bb][vc_column width=\u00a0\u00bb1\/2&Prime; tablet_sm_width=\u00a0\u00bb1&Prime; css=\u00a0\u00bb.vc_custom_1531302416296{padding-top: 10% !important;padding-right: 10% !important;padding-bottom: 10% !important;padding-left: 10% !important;background-color: #f7f7f7 !important;border-radius: 5px !important;}\u00a0\u00bb][vc_column_text css=\u00a0\u00bb\u00a0\u00bb] Le cabinet priv\u00e9 du Dr Meunier est situ\u00e9 \u00e0 Tubize. Pour tous types de consultations ophtalmologiques. Secr\u00e9tariat t\u00e9l\u00e9phonique ouvert les lundis, mardis et vendredis. +32 (0)2 201 60 00 info@drmeunier.be 15 Dr\u00e8ve du [&hellip;]<\/p>\n","protected":false},"author":1,"featured_media":0,"parent":0,"menu_order":0,"comment_status":"closed","ping_status":"closed","template":"","meta":{"inline_featured_image":false,"footnotes":""},"class_list":["post-140","page","type-page","status-publish","hentry"],"_links":{"self":[{"href":"https:\/\/www.drmeunier.be\/fr\/wp-json\/wp\/v2\/pages\/140","targetHints":{"allow":["GET"]}}],"collection":[{"href":"https:\/\/www.drmeunier.be\/fr\/wp-json\/wp\/v2\/pages"}],"about":[{"href":"https:\/\/www.drmeunier.be\/fr\/wp-json\/wp\/v2\/types\/page"}],"author":[{"embeddable":true,"href":"https:\/\/www.drmeunier.be\/fr\/wp-json\/wp\/v2\/users\/1"}],"replies":[{"embeddable":true,"href":"https:\/\/www.drmeunier.be\/fr\/wp-json\/wp\/v2\/comments?post=140"}],"version-history":[{"count":99,"href":"https:\/\/www.drmeunier.be\/fr\/wp-json\/wp\/v2\/pages\/140\/revisions"}],"predecessor-version":[{"id":795,"href":"https:\/\/www.drmeunier.be\/fr\/wp-json\/wp\/v2\/pages\/140\/revisions\/795"}],"wp:attachment":[{"href":"https:\/\/www.drmeunier.be\/fr\/wp-json\/wp\/v2\/media?parent=140"}],"curies":[{"name":"wp","href":"https:\/\/api.w.org\/{rel}","templated":true}]}}