{"id":136,"date":"2018-06-26T17:48:27","date_gmt":"2018-06-26T15:48:27","guid":{"rendered":"http:\/\/drmeunier.testwork.be\/?page_id=136"},"modified":"2024-11-16T16:03:05","modified_gmt":"2024-11-16T15:03:05","slug":"audrey-meunier","status":"publish","type":"page","link":"https:\/\/www.drmeunier.be\/fr\/equipe\/audrey-meunier\/","title":{"rendered":"Le docteur Audrey Meunier vous re\u00e7oit dans son cabinet priv\u00e9 \u00e0 Tubize"},"content":{"rendered":"<div class=\"wpb-content-wrapper\"><p>[vc_row heading_color=\u00a0\u00bbprimary-1&Prime; padding_top_multiplier=\u00a0\u00bb3x\u00a0\u00bb padding_bottom_multiplier=\u00a0\u00bb3x\u00a0\u00bb][vc_column width=\u00a0\u00bb1\/2&Prime; tablet_sm_text_align=\u00a0\u00bbcenter\u00a0\u00bb mobile_text_align=\u00a0\u00bbcenter\u00a0\u00bb]<h3 class=\"grve-element grve-title grve-align-right grve-h5\" style=\"\"><span><a class=\"grve-text-primary-2\" href=\"https:\/\/www.drmeunier.be\/fr\/ophtalmo-genetique\/\"><span class=\"grve-text-primary-1\">01.<\/span> Ophtalmologie<\/a><\/span><\/h3><h3 class=\"grve-element grve-title grve-align-right grve-h5\" style=\"\"><span><a class=\"grve-text-primary-2\" href=\"https:\/\/www.drmeunier.be\/fr\/ophtalmo-genetique\/\"><span class=\"grve-text-primary-1\">02.<\/span> G\u00e9n\u00e9tique<\/a><\/span><\/h3><h3 class=\"grve-element grve-title grve-align-right grve-h5\" style=\"\"><span><a class=\"grve-text-primary-2\" href=\"https:\/\/www.drmeunier.be\/fr\/neuro-ophtalmologie\/\"><span class=\"grve-text-primary-1\">03.<\/span> Neuro-ophtalmologie<\/a><\/span><\/h3>[\/vc_column][vc_column width=\u00a0\u00bb1\/2&Prime;][\/vc_column][vc_column]<div class=\"grve-empty-space grve-height-1x\" style=\"\"><\/div>[\/vc_column][vc_column tablet_sm_text_align=\u00a0\u00bbcenter\u00a0\u00bb mobile_text_align=\u00a0\u00bbcenter\u00a0\u00bb z_index=\u00a0\u00bb10&Prime;]<h2 class=\"grve-element grve-title grve-align-center grve-h3 grve-increase-heading grve-heading-200\" style=\"\"><span>Audrey Meunier<span class=\"grve-title-line grve-bg-primary-1\" style=\"width: 50px;height: 2px;\"><\/span><\/span><\/h2>[\/vc_column][vc_column]<div class=\"grve-empty-space grve-height-1x\" style=\"\"><\/div>[\/vc_column][vc_column width=\u00a0\u00bb1\/4&Prime;][\/vc_column][vc_column width=\u00a0\u00bb1\/4&Prime; tablet_sm_text_align=\u00a0\u00bbcenter\u00a0\u00bb mobile_text_align=\u00a0\u00bbcenter\u00a0\u00bb][vc_column_text css=\u00a0\u00bb\u00a0\u00bb]<\/p>\n<p style=\"text-align: right;\">Le docteur Meunier est sp\u00e9cialis\u00e9 dans les domaines de pointe que sont la g\u00e9n\u00e9tique, le glaucome et la neuro-ophtalmologie. Son expertise lui permet de diagnostiquer des pathologies neuro-ophtalmologiques et des pathologies g\u00e9n\u00e9tiques oculaires isol\u00e9es ou associ\u00e9es dans le cadre de divers syndromes mais \u00e9galement d\u2019assurer le suivi de ces maladies.<\/p>\n<p>[\/vc_column_text]<div class=\"grve-empty-space grve-height-1x\" style=\"\"><\/div><div class=\"grve-element grve-align-right\"><a href=\"https:\/\/progenda.be\/calendars\/docteur-meunier-audrey-ophtalmologue-oisquercq\" target=\"_blank\" rel=\"noopener noreferrer\" class=\"grve-btn grve-btn-medium grve-square grve-bg-primary-1 grve-bg-hover-primary-2\"><span>Prendre rendez-vous<\/span><\/a><\/div><div class=\"grve-element grve-align-right\"><a href=\"\/wp-content\/uploads\/2018\/06\/CV-Dr-Audrey-Meunier.pdf\" target=\"_blank\" rel=\"noopener noreferrer\" class=\"grve-btn grve-btn-medium grve-square grve-bg-primary-1 grve-bg-hover-primary-2 grve-btn-line\"><span>T\u00e9l\u00e9charger le CV<\/span><\/a><\/div>[\/vc_column][vc_column column_effect=\u00a0\u00bbvertical-parallax\u00a0\u00bb column_effect_limit=\u00a0\u00bbnone\u00a0\u00bb width=\u00a0\u00bb1\/4&Prime; css=\u00a0\u00bb.vc_custom_1531983047777{padding-top: 50px !important;}\u00a0\u00bb]<div class=\"grve-element grve-image grve-align-center\" style=\"\">  <div class=\"grve-image-wrapper\"><img decoding=\"async\" width=\"560\" height=\"747\" src=\"https:\/\/www.drmeunier.be\/wp-content\/uploads\/2020\/04\/profil-audrey-meunier-560x747.jpg\" class=\"attachment-movedo-grve-small-rect-vertical size-movedo-grve-small-rect-vertical\" alt=\"\" \/>   <\/div><\/div>[\/vc_column][vc_column width=\u00a0\u00bb1\/4&Prime;][\/vc_column][\/vc_row][vc_row heading_color=\u00a0\u00bbprimary-2&Prime; section_id=\u00a0\u00bbexperience\u00a0\u00bb][vc_column width=\u00a0\u00bb1\/3&Prime;]<h2 class=\"grve-element grve-title grve-align-left grve-animated-item grve-duration-normal grve-fade-in grve-h2\" style=\"\" data-delay=\"200\"><span>Son expertise<\/span><\/h2>[\/vc_column][vc_column width=\u00a0\u00bb2\/3&Prime;][vc_column_text css=\u00a0\u00bb\u00a0\u00bb text_style=\u00a0\u00bbleader-text\u00a0\u00bb animation=\u00a0\u00bbgrve-fade-in-up\u00a0\u00bb]<span style=\"font-weight: 400;\">Le docteur Meunier est sp\u00e9cialis\u00e9 dans les domaines de pointe que sont la g\u00e9n\u00e9tique, le glaucome et la neuro-ophtalmologie. Son expertise lui permet de diagnostiquer des pathologies neuro-ophtalmologiques (Scl\u00e9rose en plaque, ad\u00e9nome hypophysaire, hypertension intra-cr\u00e2nienne,.. ) et des pathologies g\u00e9n\u00e9tiques oculaires isol\u00e9es ou associ\u00e9es dans le cadre de divers syndromes mais \u00e9galement d\u2019assurer le suivi de ces maladies (neuropathie optique, r\u00e9tinite pigmentaire, Stargardt, Atrophie optique, Ataxie spino-c\u00e9r\u00e9belleuse, syndrome de Usher, Cataracte cong\u00e9nitale, aniridie, glaucome cong\u00e9nitaux, colobome, syndrome de Marfan, Ehlers Danlos,\u2026).<\/span>[\/vc_column_text][\/vc_column][\/vc_row][vc_row heading_color=\u00a0\u00bbprimary-2&Prime; section_id=\u00a0\u00bbexperience\u00a0\u00bb][vc_column width=\u00a0\u00bb1\/3&Prime;]<h2 class=\"grve-element grve-title grve-align-left grve-animated-item grve-duration-normal grve-fade-in grve-h2\" style=\"\" data-delay=\"200\"><span><span style=\"font-weight: 400;\">Recherche &amp; collaboration<\/span><\/span><\/h2>[\/vc_column][vc_column width=\u00a0\u00bb2\/3&Prime;][vc_column_text css=\u00a0\u00bb\u00a0\u00bb text_style=\u00a0\u00bbleader-text\u00a0\u00bb animation=\u00a0\u00bbgrve-fade-in-up\u00a0\u00bb]<span style=\"font-weight: 400;\">C\u2019est r\u00e9solument tourn\u00e9e vers la recherche et la collaboration nationale et internationale, qu\u2019elle a parfait sa formation en g\u00e9n\u00e9tique ophtalmologique \u00e0 l\u2019universit\u00e9 de Montpellier aupr\u00e8s du Professeur Hamel et de son \u00e9quipe en ophtalmo g\u00e9n\u00e9tique avec qui elle poursuit ses recherches dans le cadre de sa th\u00e8se (PhD) sur le syndrome de Usher en collaboration avec les Professeurs\u00a0Leroy et Willermain.<\/span>[\/vc_column_text][\/vc_column][\/vc_row][vc_row heading_color=\u00a0\u00bbprimary-2&Prime; section_id=\u00a0\u00bbexperience\u00a0\u00bb][vc_column width=\u00a0\u00bb1\/3&Prime;]<h2 class=\"grve-element grve-title grve-align-left grve-animated-item grve-duration-normal grve-fade-in grve-h2\" style=\"\" data-delay=\"200\"><span>Son parcours<\/span><\/h2>[\/vc_column][vc_column width=\u00a0\u00bb2\/3&Prime;][vc_column_text text_style=\u00a0\u00bbleader-text\u00a0\u00bb animation=\u00a0\u00bbgrve-fade-in-up\u00a0\u00bb]<span style=\"font-weight: 400;\">Elle est \u00e9galement diplom\u00e9e de plusieurs facult\u00e9s de m\u00e9decine \u00e0 Paris en tant que neuro-ophtalmologue et \u00e9lectrophysiologiste oculaire (Universit\u00e9 Pierre et Marie Curie et Paris-Diderot). En 2016, elle d\u00e9croche le certificat d\u2019excellence de g\u00e9n\u00e9tique humaine en Belgique. <\/span>[\/vc_column_text]<div class=\"grve-empty-space grve-height-1x\" style=\"\"><\/div>[vc_column_text text_style=\u00a0\u00bbleader-text\u00a0\u00bb animation=\u00a0\u00bbgrve-fade-in-up\u00a0\u00bb]<span style=\"font-weight: 400;\">Chef de clinique adjointe au CHU Saint-Pierre de Bruxelles o\u00f9 elle a d\u00e9velopp\u00e9 le d\u00e9partement de neuro-g\u00e9n\u00e9tique ophtalmologique. Elle a \u00e9tudi\u00e9 \u00e0 l\u2019ULB et est actuellement m\u00e9decin chercheur au centre de g\u00e9n\u00e9tique de l\u2019ULB.<\/span>[\/vc_column_text][\/vc_column][\/vc_row][vc_row heading_color=\u00a0\u00bbprimary-2&Prime; section_id=\u00a0\u00bbexperience\u00a0\u00bb][vc_column width=\u00a0\u00bb1\/3&Prime;]<h2 class=\"grve-element grve-title grve-align-left grve-animated-item grve-duration-normal grve-fade-in grve-h2\" style=\"\" data-delay=\"200\"><span><span style=\"font-weight: 400;\">Fi\u00e8rement membre<\/span><\/span><\/h2>[\/vc_column][vc_column width=\u00a0\u00bb2\/3&Prime;][vc_column_text css=\u00a0\u00bb\u00a0\u00bb text_style=\u00a0\u00bbleader-text\u00a0\u00bb animation=\u00a0\u00bbgrve-fade-in-up\u00a0\u00bb]<span style=\"font-weight: 400;\">Vice-pr\u00e9sidente de la soci\u00e9t\u00e9 belge d&rsquo;ophtalmologie et membre du comit\u00e9 d\u2019administration de plusieurs soci\u00e9t\u00e9s dont la \u201cSoci\u00e9t\u00e9 de G\u00e9n\u00e9tique Ophtalmologique Francophone\u201d (SGOF), elle participe quotidiennement \u00e0 apporter \u00e0 ses patients les derni\u00e8res avanc\u00e9es scientifiques. <\/span><\/p>\n<p><span style=\"font-weight: 400;\">C\u2019est \u00e0 la demande de ses patients, qu\u2019elle a install\u00e9 son cabinet priv\u00e9 entre Ittre et Tubize o\u00f9 elle re\u00e7oit tout patient, adulte et enfant, que ce soit pour des pathologies sp\u00e9cifiques ou un contr\u00f4le annuel. <\/span>[\/vc_column_text][\/vc_column][\/vc_row][vc_row heading_color=\u00a0\u00bbprimary-2&Prime; padding_bottom_multiplier=\u00a0\u00bb3x\u00a0\u00bb section_id=\u00a0\u00bbexperience\u00a0\u00bb][vc_column width=\u00a0\u00bb1\/3&Prime;]<h2 class=\"grve-element grve-title grve-align-left grve-animated-item grve-duration-normal grve-fade-in grve-h2\" style=\"\" data-delay=\"200\"><span>En plus des centres, un cabinet priv\u00e9.<\/span><\/h2>[\/vc_column][vc_column width=\u00a0\u00bb2\/3&Prime;][vc_column_text text_style=\u00a0\u00bbleader-text\u00a0\u00bb animation=\u00a0\u00bbgrve-fade-in-up\u00a0\u00bb]<span style=\"font-weight: 400;\">Dans les centres universitaires, elle re\u00e7oit uniquement les patients adress\u00e9s pour des pathologies g\u00e9n\u00e9tiques ou neuro-ophtalmologiques. <\/span>[\/vc_column_text]<div class=\"grve-empty-space grve-height-1x\" style=\"\"><\/div>[vc_column_text text_style=\u00a0\u00bbleader-text\u00a0\u00bb animation=\u00a0\u00bbgrve-fade-in-up\u00a0\u00bb]<span style=\"font-weight: 400;\">Elle cr\u00e9e ainsi dans son cabinet priv\u00e9, le lieu d&rsquo;accueil id\u00e9al pour vous proposer une m\u00e9decine de pointe o\u00f9 le bien-\u00eatre du patient est privil\u00e9gi\u00e9.<\/span>[\/vc_column_text][\/vc_column][\/vc_row]<\/p>\n<\/div>","protected":false},"excerpt":{"rendered":"<p>[vc_row heading_color=\u00a0\u00bbprimary-1&Prime; padding_top_multiplier=\u00a0\u00bb3x\u00a0\u00bb padding_bottom_multiplier=\u00a0\u00bb3x\u00a0\u00bb][vc_column width=\u00a0\u00bb1\/2&Prime; tablet_sm_text_align=\u00a0\u00bbcenter\u00a0\u00bb mobile_text_align=\u00a0\u00bbcenter\u00a0\u00bb][\/vc_column][vc_column width=\u00a0\u00bb1\/2&Prime;][\/vc_column][vc_column][\/vc_column][vc_column tablet_sm_text_align=\u00a0\u00bbcenter\u00a0\u00bb mobile_text_align=\u00a0\u00bbcenter\u00a0\u00bb z_index=\u00a0\u00bb10&Prime;][\/vc_column][vc_column][\/vc_column][vc_column width=\u00a0\u00bb1\/4&Prime;][\/vc_column][vc_column width=\u00a0\u00bb1\/4&Prime; tablet_sm_text_align=\u00a0\u00bbcenter\u00a0\u00bb mobile_text_align=\u00a0\u00bbcenter\u00a0\u00bb][vc_column_text css=\u00a0\u00bb\u00a0\u00bb] Le docteur Meunier est sp\u00e9cialis\u00e9 dans les domaines de pointe que sont la g\u00e9n\u00e9tique, le glaucome et la neuro-ophtalmologie. Son expertise lui permet de diagnostiquer des pathologies neuro-ophtalmologiques et des pathologies g\u00e9n\u00e9tiques oculaires isol\u00e9es ou associ\u00e9es dans le cadre [&hellip;]<\/p>\n","protected":false},"author":1,"featured_media":0,"parent":616,"menu_order":0,"comment_status":"closed","ping_status":"closed","template":"","meta":{"inline_featured_image":false,"footnotes":""},"class_list":["post-136","page","type-page","status-publish","hentry"],"_links":{"self":[{"href":"https:\/\/www.drmeunier.be\/fr\/wp-json\/wp\/v2\/pages\/136","targetHints":{"allow":["GET"]}}],"collection":[{"href":"https:\/\/www.drmeunier.be\/fr\/wp-json\/wp\/v2\/pages"}],"about":[{"href":"https:\/\/www.drmeunier.be\/fr\/wp-json\/wp\/v2\/types\/page"}],"author":[{"embeddable":true,"href":"https:\/\/www.drmeunier.be\/fr\/wp-json\/wp\/v2\/users\/1"}],"replies":[{"embeddable":true,"href":"https:\/\/www.drmeunier.be\/fr\/wp-json\/wp\/v2\/comments?post=136"}],"version-history":[{"count":41,"href":"https:\/\/www.drmeunier.be\/fr\/wp-json\/wp\/v2\/pages\/136\/revisions"}],"predecessor-version":[{"id":812,"href":"https:\/\/www.drmeunier.be\/fr\/wp-json\/wp\/v2\/pages\/136\/revisions\/812"}],"up":[{"embeddable":true,"href":"https:\/\/www.drmeunier.be\/fr\/wp-json\/wp\/v2\/pages\/616"}],"wp:attachment":[{"href":"https:\/\/www.drmeunier.be\/fr\/wp-json\/wp\/v2\/media?parent=136"}],"curies":[{"name":"wp","href":"https:\/\/api.w.org\/{rel}","templated":true}]}}