{"id":134,"date":"2018-06-26T17:48:07","date_gmt":"2018-06-26T15:48:07","guid":{"rendered":"http:\/\/drmeunier.testwork.be\/?page_id=134"},"modified":"2024-09-01T19:06:58","modified_gmt":"2024-09-01T17:06:58","slug":"cabinet","status":"publish","type":"page","link":"https:\/\/www.drmeunier.be\/fr\/cabinet\/","title":{"rendered":"Un cabinet d&rsquo;ophtalmologie priv\u00e9 pour mieux vous soigner"},"content":{"rendered":"<div class=\"wpb-content-wrapper\"><p>[vc_row heading_color=\u00a0\u00bbprimary-2&Prime; padding_top_multiplier=\u00a0\u00bb3x\u00a0\u00bb padding_bottom_multiplier=\u00a0\u00bb3x\u00a0\u00bb columns_gap=\u00a0\u00bb60&Prime;][vc_column width=\u00a0\u00bb1\/6&Prime; tablet_sm_width=\u00a0\u00bbhide\u00a0\u00bb mobile_width=\u00a0\u00bbhide\u00a0\u00bb][\/vc_column][vc_column width=\u00a0\u00bb2\/3&Prime; tablet_sm_width=\u00a0\u00bb1&Prime; text_align=\u00a0\u00bbcenter\u00a0\u00bb]<h2 class=\"grve-element grve-title grve-align-center grve-animated-item grve-duration-normal grve-fade-in-up grve-h3\" style=\"\" data-delay=\"200\"><span>Un cabinet d&rsquo;ophtalmologie priv\u00e9 pour mieux vous soigner<\/span><\/h2>[vc_column_text css=\u00a0\u00bb\u00a0\u00bb text_style=\u00a0\u00bbleader-text\u00a0\u00bb animation=\u00a0\u00bbgrve-fade-in-up\u00a0\u00bb animation_delay=\u00a0\u00bb400&Prime;]Le cabinet d&rsquo;ophtalmologie du docteur Meunier est un espace d\u00e9di\u00e9 \u00e0 une m\u00e9decine de qualit\u00e9 dans un cadre serein et harmonieux. Tout est mis en place pour favoriser une relation humaine et de confiance entre le patient et son m\u00e9decin. Soucieuse d&rsquo;offrir une m\u00e9decine de qualit\u00e9 et consciente de la n\u00e9cessit\u00e9 de rester \u00e0 la pointe de la recherche, le docteur Meunier r\u00e9unit au sein de son cabinet des ophtalmologues exp\u00e9riment\u00e9s et un \u00e9quipement de pointe.[\/vc_column_text][\/vc_column][vc_column width=\u00a0\u00bb1\/6&Prime; tablet_sm_width=\u00a0\u00bbhide\u00a0\u00bb mobile_width=\u00a0\u00bbhide\u00a0\u00bb][\/vc_column][\/vc_row][vc_row section_type=\u00a0\u00bbfullwidth\u00a0\u00bb padding_top_multiplier=\u00a0\u00bb\u00a0\u00bb padding_bottom_multiplier=\u00a0\u00bb\u00a0\u00bb columns_gap=\u00a0\u00bbnone\u00a0\u00bb][vc_column tablet_sm_width=\u00a0\u00bbhide\u00a0\u00bb mobile_width=\u00a0\u00bbhide\u00a0\u00bb]<div class=\"grve-element grve-gallery grve-isotope grve-gallery-popup\" style=\"\" data-columns=\"4\" data-columns-large-screen=\"4\" data-columns-tablet-landscape=\"4\" data-columns-tablet-portrait=\"4\" data-columns-mobile=\"2\" data-layout=\"fitRows\">  <div class=\"grve-isotope-container\"><div class=\"grve-isotope-item grve-hover-item grve-hover-style-none\"><div class=\"grve-isotope-item-inner grve-zoom-in\">  <figure class=\"grve-image-hover grve-zoom-in\">    <a class=\"grve-item-url\" href=\"https:\/\/www.drmeunier.be\/wp-content\/uploads\/2020\/04\/Cabinet-Audrey-Meunier-BenjaminBrolet_001.jpg\" ><\/a>    <div class=\"grve-hover-overlay grve-bg-primary-1 grve-opacity-30\"><\/div><div class=\"grve-media\"><img decoding=\"async\" width=\"900\" height=\"675\" src=\"https:\/\/www.drmeunier.be\/wp-content\/uploads\/2020\/04\/Cabinet-Audrey-Meunier-BenjaminBrolet_001-900x675.jpg\" class=\"attachment-movedo-grve-medium-rect-horizontal size-movedo-grve-medium-rect-horizontal\" alt=\"cabinet priv\u00e9 ophtalmologie Tubize\" srcset=\"https:\/\/www.drmeunier.be\/wp-content\/uploads\/2020\/04\/Cabinet-Audrey-Meunier-BenjaminBrolet_001-900x675.jpg 900w, https:\/\/www.drmeunier.be\/wp-content\/uploads\/2020\/04\/Cabinet-Audrey-Meunier-BenjaminBrolet_001-560x420.jpg 560w\" sizes=\"(max-width: 900px) 100vw, 900px\" \/><\/div>  <\/figure><\/div><\/div><div class=\"grve-isotope-item grve-hover-item grve-hover-style-none\"><div class=\"grve-isotope-item-inner grve-zoom-in\">  <figure class=\"grve-image-hover grve-zoom-in\">    <a class=\"grve-item-url\" href=\"https:\/\/www.drmeunier.be\/wp-content\/uploads\/2020\/04\/Cabinet-Audrey-Meunier-BenjaminBrolet_004.jpg\" ><\/a>    <div class=\"grve-hover-overlay grve-bg-primary-1 grve-opacity-30\"><\/div><div class=\"grve-media\"><img decoding=\"async\" width=\"900\" height=\"675\" src=\"https:\/\/www.drmeunier.be\/wp-content\/uploads\/2020\/04\/Cabinet-Audrey-Meunier-BenjaminBrolet_004-900x675.jpg\" class=\"attachment-movedo-grve-medium-rect-horizontal size-movedo-grve-medium-rect-horizontal\" alt=\"cabinet priv\u00e9 ophtalmologie Tubize examen\" srcset=\"https:\/\/www.drmeunier.be\/wp-content\/uploads\/2020\/04\/Cabinet-Audrey-Meunier-BenjaminBrolet_004-900x675.jpg 900w, https:\/\/www.drmeunier.be\/wp-content\/uploads\/2020\/04\/Cabinet-Audrey-Meunier-BenjaminBrolet_004-560x420.jpg 560w\" sizes=\"(max-width: 900px) 100vw, 900px\" \/><\/div>  <\/figure><\/div><\/div><div class=\"grve-isotope-item grve-hover-item grve-hover-style-none\"><div class=\"grve-isotope-item-inner grve-zoom-in\">  <figure class=\"grve-image-hover grve-zoom-in\">    <a class=\"grve-item-url\" href=\"https:\/\/www.drmeunier.be\/wp-content\/uploads\/2020\/04\/Cabinet-Audrey-Meunier-BenjaminBrolet_002.jpg\" ><\/a>    <div class=\"grve-hover-overlay grve-bg-primary-1 grve-opacity-30\"><\/div><div class=\"grve-media\"><img decoding=\"async\" width=\"900\" height=\"675\" src=\"https:\/\/www.drmeunier.be\/wp-content\/uploads\/2020\/04\/Cabinet-Audrey-Meunier-BenjaminBrolet_002-900x675.jpg\" class=\"attachment-movedo-grve-medium-rect-horizontal size-movedo-grve-medium-rect-horizontal\" alt=\"cabinet priv\u00e9 ophtalmologie Tubize \u00e9quipement de pointe\" srcset=\"https:\/\/www.drmeunier.be\/wp-content\/uploads\/2020\/04\/Cabinet-Audrey-Meunier-BenjaminBrolet_002-900x675.jpg 900w, https:\/\/www.drmeunier.be\/wp-content\/uploads\/2020\/04\/Cabinet-Audrey-Meunier-BenjaminBrolet_002-560x420.jpg 560w\" sizes=\"(max-width: 900px) 100vw, 900px\" \/><\/div>  <\/figure><\/div><\/div><div class=\"grve-isotope-item grve-hover-item grve-hover-style-none\"><div class=\"grve-isotope-item-inner grve-zoom-in\">  <figure class=\"grve-image-hover grve-zoom-in\">    <a class=\"grve-item-url\" href=\"https:\/\/www.drmeunier.be\/wp-content\/uploads\/2020\/04\/Cabinet-Audrey-Meunier-BenjaminBrolet_003.jpg\" ><\/a>    <div class=\"grve-hover-overlay grve-bg-primary-1 grve-opacity-30\"><\/div><div class=\"grve-media\"><img decoding=\"async\" width=\"900\" height=\"675\" src=\"https:\/\/www.drmeunier.be\/wp-content\/uploads\/2020\/04\/Cabinet-Audrey-Meunier-BenjaminBrolet_003-900x675.jpg\" class=\"attachment-movedo-grve-medium-rect-horizontal size-movedo-grve-medium-rect-horizontal\" alt=\"cabinet priv\u00e9 ophtalmologie Tubize\" srcset=\"https:\/\/www.drmeunier.be\/wp-content\/uploads\/2020\/04\/Cabinet-Audrey-Meunier-BenjaminBrolet_003-900x675.jpg 900w, https:\/\/www.drmeunier.be\/wp-content\/uploads\/2020\/04\/Cabinet-Audrey-Meunier-BenjaminBrolet_003-560x420.jpg 560w\" sizes=\"(max-width: 900px) 100vw, 900px\" \/><\/div>  <\/figure><\/div><\/div>  <\/div><\/div>[\/vc_column][\/vc_row][vc_row heading_color=\u00a0\u00bbprimary-2&Prime; padding_top_multiplier=\u00a0\u00bb3x\u00a0\u00bb padding_bottom_multiplier=\u00a0\u00bb2x\u00a0\u00bb columns_gap=\u00a0\u00bb60&Prime;][vc_column width=\u00a0\u00bb1\/6&Prime; tablet_sm_width=\u00a0\u00bbhide\u00a0\u00bb mobile_width=\u00a0\u00bbhide\u00a0\u00bb][\/vc_column][vc_column width=\u00a0\u00bb2\/3&Prime; tablet_sm_width=\u00a0\u00bb1&Prime; text_align=\u00a0\u00bbcenter\u00a0\u00bb]<h2 class=\"grve-element grve-title grve-align-center grve-animated-item grve-duration-normal grve-fade-in-up grve-h3\" style=\"\" data-delay=\"200\"><span>Un cabinet d&rsquo;ophtalmologie avec un \u00e9quipement de pointe<\/span><\/h2>[vc_column_text text_style=\u00a0\u00bbleader-text\u00a0\u00bb animation=\u00a0\u00bbgrve-fade-in-up\u00a0\u00bb animation_delay=\u00a0\u00bb400&Prime;]Le cabinet du Dr Meunier b\u00e9n\u00e9ficie d\u2019un \u00e9quipement de pointe pour vous vous offrir la qualit\u00e9 de soins que vos yeux m\u00e9ritent.[\/vc_column_text][\/vc_column][vc_column width=\u00a0\u00bb1\/6&Prime; tablet_sm_width=\u00a0\u00bbhide\u00a0\u00bb mobile_width=\u00a0\u00bbhide\u00a0\u00bb][\/vc_column][vc_column]<div class=\"grve-empty-space grve-height-3x\" style=\"\"><\/div>[\/vc_column][vc_column width=\u00a0\u00bb1\/3&Prime; heading_color=\u00a0\u00bbprimary-1&Prime;]<div class=\"grve-element grve-box grve-align-center\" style=\"\"><figure class=\"grve-image-hover grve-zoom-none\">\t<div class=\"grve-media\">\t\t<div class=\"grve-bg-primary-1 grve-hover-overlay grve-opacity-30\"><\/div><img decoding=\"async\" width=\"640\" height=\"400\" src=\"https:\/\/www.drmeunier.be\/wp-content\/uploads\/2018\/07\/dispositif-complet-du-coordimetre-de-weiss.jpg\" class=\"attachment-full size-full\" alt=\"\" srcset=\"https:\/\/www.drmeunier.be\/wp-content\/uploads\/2018\/07\/dispositif-complet-du-coordimetre-de-weiss.jpg 640w, https:\/\/www.drmeunier.be\/wp-content\/uploads\/2018\/07\/dispositif-complet-du-coordimetre-de-weiss-300x188.jpg 300w\" sizes=\"(max-width: 640px) 100vw, 640px\" \/>\t<\/div><\/figure>  <div class=\"grve-box-content\"><h3 class=\"grve-box-title grve-h3\">Un coordim\u00e8tre de Weiss<\/h3>    <p>permettant d\u2019\u00e9valuer l\u2019importance des troubles moteurs des yeux. Il n\u2019est pas toujours ais\u00e9 d\u2019objectiver une anomalie des muscles permettant aux yeux de bouger. Les patients se plaignent volontiers de diplopie, c\u2019est \u00e0 dire de voir double. Cet examen permet d\u2019objectiver si les yeux sont d\u00e9vi\u00e9s. Cet examen demande un rendez-vous particulier de neuro-ophtalmologie, merci de pr\u00e9ciser lors de la prise de rendez-vous si vous voyez double.<\/p>  <\/div><\/div>[\/vc_column][vc_column width=\u00a0\u00bb1\/3&Prime; heading_color=\u00a0\u00bbprimary-2&Prime;]<div class=\"grve-element grve-box grve-align-center\" style=\"\"><figure class=\"grve-image-hover grve-zoom-none\">\t<div class=\"grve-media\">\t\t<div class=\"grve-bg-primary-2 grve-hover-overlay grve-opacity-30\"><\/div><img decoding=\"async\" width=\"640\" height=\"400\" src=\"https:\/\/www.drmeunier.be\/wp-content\/uploads\/2018\/07\/microscope-LED.jpg\" class=\"attachment-full size-full\" alt=\"\" srcset=\"https:\/\/www.drmeunier.be\/wp-content\/uploads\/2018\/07\/microscope-LED.jpg 640w, https:\/\/www.drmeunier.be\/wp-content\/uploads\/2018\/07\/microscope-LED-300x188.jpg 300w\" sizes=\"(max-width: 640px) 100vw, 640px\" \/>\t<\/div><\/figure>  <div class=\"grve-box-content\"><h3 class=\"grve-box-title grve-h3\">Un microscope LED<\/h3>    <p>de derni\u00e8re g\u00e9n\u00e9ration pour un examen haute d\u00e9finition de vos yeux.<\/p>  <\/div><\/div>[\/vc_column][vc_column width=\u00a0\u00bb1\/3&Prime; heading_color=\u00a0\u00bbprimary-1&Prime;]<div class=\"grve-element grve-box grve-align-center\" style=\"\"><figure class=\"grve-image-hover grve-zoom-none\">\t<div class=\"grve-media\">\t\t<div class=\"grve-bg-primary-1 grve-hover-overlay grve-opacity-30\"><\/div><img decoding=\"async\" width=\"640\" height=\"400\" src=\"https:\/\/www.drmeunier.be\/wp-content\/uploads\/2018\/07\/champs-visuel-humphrey.jpg\" class=\"attachment-full size-full\" alt=\"\" srcset=\"https:\/\/www.drmeunier.be\/wp-content\/uploads\/2018\/07\/champs-visuel-humphrey.jpg 640w, https:\/\/www.drmeunier.be\/wp-content\/uploads\/2018\/07\/champs-visuel-humphrey-300x188.jpg 300w\" sizes=\"(max-width: 640px) 100vw, 640px\" \/>\t<\/div><\/figure>  <div class=\"grve-box-content\"><h3 class=\"grve-box-title grve-h3\">Un Champ visuel cin\u00e9tique Zeiss<\/h3>    <p>avec plusieurs tests dont la strat\u00e9gie est optimale pour d\u00e9pister les anomalies du nerf optique ou de la macula (r\u00e9gion centrale de la r\u00e9tine).<\/p>  <\/div><\/div>[\/vc_column][\/vc_row][vc_row padding_bottom_multiplier=\u00a0\u00bb3x\u00a0\u00bb][vc_column width=\u00a0\u00bb1\/3&Prime; heading_color=\u00a0\u00bbprimary-2&Prime;]<div class=\"grve-element grve-box grve-align-center\" style=\"\"><figure class=\"grve-image-hover grve-zoom-none\">\t<div class=\"grve-media\">\t\t<div class=\"grve-bg-primary-2 grve-hover-overlay grve-opacity-30\"><\/div><img decoding=\"async\" width=\"640\" height=\"400\" src=\"https:\/\/www.drmeunier.be\/wp-content\/uploads\/2018\/07\/pachymetre.jpg\" class=\"attachment-full size-full\" alt=\"\" srcset=\"https:\/\/www.drmeunier.be\/wp-content\/uploads\/2018\/07\/pachymetre.jpg 640w, https:\/\/www.drmeunier.be\/wp-content\/uploads\/2018\/07\/pachymetre-300x188.jpg 300w\" sizes=\"(max-width: 640px) 100vw, 640px\" \/>\t<\/div><\/figure>  <div class=\"grve-box-content\"><h3 class=\"grve-box-title grve-h3\">Un Pachym\u00e8tre<\/h3>    <p>permettant de d\u00e9finir l\u2019\u00e9paisseur de votre corn\u00e9e (cela permet d\u2019obtenir un param\u00e8tre indispensable au suivi de votre tension oculaire).<\/p>  <\/div><\/div>[\/vc_column][vc_column width=\u00a0\u00bb1\/3&Prime; heading_color=\u00a0\u00bbprimary-1&Prime;]<div class=\"grve-element grve-box grve-align-center\" style=\"\"><figure class=\"grve-image-hover grve-zoom-none\">\t<div class=\"grve-media\">\t\t<div class=\"grve-bg-primary-1 grve-hover-overlay grve-opacity-30\"><\/div><img decoding=\"async\" width=\"640\" height=\"400\" src=\"https:\/\/www.drmeunier.be\/wp-content\/uploads\/2018\/07\/OCT-nidek-rs330.jpg\" class=\"attachment-full size-full\" alt=\"\" srcset=\"https:\/\/www.drmeunier.be\/wp-content\/uploads\/2018\/07\/OCT-nidek-rs330.jpg 640w, https:\/\/www.drmeunier.be\/wp-content\/uploads\/2018\/07\/OCT-nidek-rs330-300x188.jpg 300w\" sizes=\"(max-width: 640px) 100vw, 640px\" \/>\t<\/div><\/figure>  <div class=\"grve-box-content\"><h3 class=\"grve-box-title grve-h3\">Un OCT (optical coherence tomography)<\/h3>    <p>qui permet de d\u00e9pister les alt\u00e9rations des glaucomes au stade tr\u00e8s pr\u00e9coces et, bien sur, un suivi optimal en cas de glaucome d\u00e9j\u00e0 avanc\u00e9.<\/p>  <\/div><\/div>[\/vc_column][vc_column width=\u00a0\u00bb1\/3&Prime; heading_color=\u00a0\u00bbprimary-2&Prime;]<div class=\"grve-element grve-box grve-align-center\" style=\"\"><figure class=\"grve-image-hover grve-zoom-none\">\t<div class=\"grve-media\">\t\t<div class=\"grve-bg-primary-2 grve-hover-overlay grve-opacity-30\"><\/div><img decoding=\"async\" width=\"640\" height=\"400\" src=\"https:\/\/www.drmeunier.be\/wp-content\/uploads\/2018\/07\/zeiss-visucam.jpg\" class=\"attachment-full size-full\" alt=\"\" srcset=\"https:\/\/www.drmeunier.be\/wp-content\/uploads\/2018\/07\/zeiss-visucam.jpg 640w, https:\/\/www.drmeunier.be\/wp-content\/uploads\/2018\/07\/zeiss-visucam-300x188.jpg 300w\" sizes=\"(max-width: 640px) 100vw, 640px\" \/>\t<\/div><\/figure>  <div class=\"grve-box-content\"><h3 class=\"grve-box-title grve-h3\">Une cam\u00e9ra non mydriatique<\/h3>    <p>Pour photographier avec pr\u00e9cision les diff\u00e9rentes parties du p\u00f4le post\u00e9rieur de l\u2019oeil (le nerf optique, la macula, l\u2019ensemble de la r\u00e9tine, les vaisseaux sanguins).<\/p>  <\/div><\/div>[\/vc_column][\/vc_row][vc_row heading_color=\u00a0\u00bbprimary-1&Prime; padding_bottom_multiplier=\u00a0\u00bb3x\u00a0\u00bb][vc_column width=\u00a0\u00bb1\/3&Prime; heading_color=\u00a0\u00bbprimary-1&Prime;]<div class=\"grve-element grve-box grve-align-center\" style=\"\"><figure class=\"grve-image-hover grve-zoom-none\">\t<div class=\"grve-media\">\t\t<div class=\"grve-bg-primary-1 grve-hover-overlay grve-opacity-30\"><\/div><img decoding=\"async\" width=\"640\" height=\"400\" src=\"https:\/\/www.drmeunier.be\/wp-content\/uploads\/2019\/02\/SP2000P.jpg\" class=\"attachment-full size-full\" alt=\"\" srcset=\"https:\/\/www.drmeunier.be\/wp-content\/uploads\/2019\/02\/SP2000P.jpg 640w, https:\/\/www.drmeunier.be\/wp-content\/uploads\/2019\/02\/SP2000P-300x188.jpg 300w\" sizes=\"(max-width: 640px) 100vw, 640px\" \/>\t<\/div><\/figure>  <div class=\"grve-box-content\"><h3 class=\"grve-box-title grve-h3\">Un biomicroscope sp\u00e9culaire<\/h3>    <p>Cet appareil permet d&rsquo;\u00e9valuer la densit\u00e9 cellulaire de votre \u00e9pith\u00e9lium corn\u00e9en.<\/p>  <\/div><\/div>[\/vc_column][vc_column width=\u00a0\u00bb1\/3&Prime; heading_color=\u00a0\u00bbprimary-2&Prime;]<div class=\"grve-element grve-box grve-align-center\" style=\"\"><figure class=\"grve-image-hover grve-zoom-none\">\t<div class=\"grve-media\">\t\t<div class=\"grve-bg-primary-2 grve-hover-overlay grve-opacity-30\"><\/div><img decoding=\"async\" width=\"640\" height=\"400\" src=\"https:\/\/www.drmeunier.be\/wp-content\/uploads\/2018\/07\/retinomax.jpg\" class=\"attachment-full size-full\" alt=\"\" srcset=\"https:\/\/www.drmeunier.be\/wp-content\/uploads\/2018\/07\/retinomax.jpg 640w, https:\/\/www.drmeunier.be\/wp-content\/uploads\/2018\/07\/retinomax-300x188.jpg 300w\" sizes=\"(max-width: 640px) 100vw, 640px\" \/>\t<\/div><\/figure>  <div class=\"grve-box-content\"><h3 class=\"grve-box-title grve-h3\">Un r\u00e9fractom\u00e8tre portable<\/h3>    <p>Un \u00e9quipement adapt\u00e9 pour les plus petits avec un r\u00e9fractom\u00e8tre portable pour mesurer les caract\u00e9ristiques r\u00e9fractives des yeux.<\/p>  <\/div><\/div>[\/vc_column][vc_column width=\u00a0\u00bb1\/3&Prime;]<div class=\"grve-element grve-box grve-align-center\" style=\"\"><figure class=\"grve-image-hover grve-zoom-none\">\t<div class=\"grve-media\">\t\t<div class=\"grve-bg-primary-1 grve-hover-overlay grve-opacity-30\"><\/div><img decoding=\"async\" width=\"640\" height=\"400\" src=\"https:\/\/www.drmeunier.be\/wp-content\/uploads\/2019\/02\/casque-omega.jpg\" class=\"attachment-full size-full\" alt=\"\" srcset=\"https:\/\/www.drmeunier.be\/wp-content\/uploads\/2019\/02\/casque-omega.jpg 640w, https:\/\/www.drmeunier.be\/wp-content\/uploads\/2019\/02\/casque-omega-300x188.jpg 300w\" sizes=\"(max-width: 640px) 100vw, 640px\" \/>\t<\/div><\/figure>  <div class=\"grve-box-content\"><h3 class=\"grve-box-title grve-h3\">Un ophtalmoscope indirect<\/h3>    <p>Ce dispositif simplifie l&rsquo;examen des plus jeunes enfants qui peuvent rester confortablement install\u00e9s dans les bras des parents durant l&rsquo;examen du fond oeil.<\/p>  <\/div><\/div>[\/vc_column][\/vc_row][vc_row heading_color=\u00a0\u00bbprimary-2&Prime; padding_bottom_multiplier=\u00a0\u00bb3x\u00a0\u00bb][vc_column width=\u00a0\u00bb1\/3&Prime; heading_color=\u00a0\u00bbprimary-2&Prime;]<div class=\"grve-element grve-box grve-align-center\" style=\"\"><figure class=\"grve-image-hover grve-zoom-none\">\t<div class=\"grve-media\">\t\t<div class=\"grve-bg-primary-2 grve-hover-overlay grve-opacity-30\"><\/div><img decoding=\"async\" width=\"640\" height=\"400\" src=\"https:\/\/www.drmeunier.be\/wp-content\/uploads\/2019\/02\/optimisii-2.png\" class=\"attachment-full size-full\" alt=\"\" srcset=\"https:\/\/www.drmeunier.be\/wp-content\/uploads\/2019\/02\/optimisii-2.png 640w, https:\/\/www.drmeunier.be\/wp-content\/uploads\/2019\/02\/optimisii-2-300x188.png 300w\" sizes=\"(max-width: 640px) 100vw, 640px\" \/>\t<\/div><\/figure>  <div class=\"grve-box-content\"><h3 class=\"grve-box-title grve-h3\">Laser Yag Optimis II<\/h3>    <p>Ce laser permet de traiter avec grande pr\u00e9cision la cataracte secondaire (capsulotomie) et \u00e9galement de r\u00e9aliser un traitement pr\u00e9ventif au glaucome a\u00efgu (iridotomie)<\/p>  <\/div><\/div>[\/vc_column][vc_column width=\u00a0\u00bb1\/3&Prime; heading_color=\u00a0\u00bbprimary-1&Prime;]<div class=\"grve-element grve-box grve-align-center\" style=\"\"><figure class=\"grve-image-hover grve-zoom-none\">\t<div class=\"grve-media\">\t\t<div class=\"grve-bg-primary-1 grve-hover-overlay grve-opacity-30\"><\/div><img decoding=\"async\" width=\"800\" height=\"500\" src=\"https:\/\/www.drmeunier.be\/wp-content\/uploads\/2024\/05\/lightmed_lightlas_deux_slt_yag__76651.1633458404.1280.1280-1.jpg\" class=\"attachment-full size-full\" alt=\"LIGHTMED LIGHTLas SLT Deux-V Laser\" srcset=\"https:\/\/www.drmeunier.be\/wp-content\/uploads\/2024\/05\/lightmed_lightlas_deux_slt_yag__76651.1633458404.1280.1280-1.jpg 800w, https:\/\/www.drmeunier.be\/wp-content\/uploads\/2024\/05\/lightmed_lightlas_deux_slt_yag__76651.1633458404.1280.1280-1-300x188.jpg 300w, https:\/\/www.drmeunier.be\/wp-content\/uploads\/2024\/05\/lightmed_lightlas_deux_slt_yag__76651.1633458404.1280.1280-1-768x480.jpg 768w\" sizes=\"(max-width: 800px) 100vw, 800px\" \/>\t<\/div><\/figure>  <div class=\"grve-box-content\"><h3 class=\"grve-box-title grve-h3\">LIGHTMED LIGHTLas SLT Deux-V Laser<\/h3>    <p>Un laser permettant de r\u00e9aliser des trab\u00e9culoplasties (SLT).<\/p>  <\/div><\/div>[\/vc_column][vc_column width=\u00a0\u00bb1\/3&Prime;]<div class=\"grve-element grve-box grve-align-center\" style=\"\"><figure class=\"grve-image-hover grve-zoom-none\">\t<div class=\"grve-media\">\t\t<div class=\"grve-bg-primary-2 grve-hover-overlay grve-opacity-30\"><\/div><img decoding=\"async\" width=\"800\" height=\"500\" src=\"https:\/\/www.drmeunier.be\/wp-content\/uploads\/2024\/09\/AL-Scan_20-1.jpg\" class=\"attachment-full size-full\" alt=\"\" srcset=\"https:\/\/www.drmeunier.be\/wp-content\/uploads\/2024\/09\/AL-Scan_20-1.jpg 800w, https:\/\/www.drmeunier.be\/wp-content\/uploads\/2024\/09\/AL-Scan_20-1-300x188.jpg 300w, https:\/\/www.drmeunier.be\/wp-content\/uploads\/2024\/09\/AL-Scan_20-1-768x480.jpg 768w\" sizes=\"(max-width: 800px) 100vw, 800px\" \/>\t<\/div><\/figure>  <div class=\"grve-box-content\"><h3 class=\"grve-box-title grve-h3\">Un Biom\u00e8tre All-scan, Nidek<\/h3>    <p>Cet appareil mesure rapidement les caract\u00e9ristiques de votre \u0153il et permet au chirurgien de choisir la puissance de l&rsquo;implant intra-oculaire en cas d&rsquo;une op\u00e9ration de la cataracte. Il est \u00e9galement tr\u00e8s utile pour suivre l&rsquo;\u00e9volution de la myopie chez les enfants.<\/p>  <\/div><\/div>[\/vc_column][\/vc_row][vc_row heading_color=\u00a0\u00bbprimary-1&Prime; padding_bottom_multiplier=\u00a0\u00bb3x\u00a0\u00bb][vc_column width=\u00a0\u00bb1\/3&Prime; heading_color=\u00a0\u00bbprimary-1&Prime;]<div class=\"grve-element grve-box grve-align-center\" style=\"\"><figure class=\"grve-image-hover grve-zoom-none\">\t<div class=\"grve-media\">\t\t<div class=\"grve-bg-primary-1 grve-hover-overlay grve-opacity-30\"><\/div><img decoding=\"async\" width=\"800\" height=\"500\" src=\"https:\/\/www.drmeunier.be\/wp-content\/uploads\/2024\/09\/Synoptophore-Clement-Clarke-CC-2002-_-Square.jpg\" class=\"attachment-full size-full\" alt=\"\" srcset=\"https:\/\/www.drmeunier.be\/wp-content\/uploads\/2024\/09\/Synoptophore-Clement-Clarke-CC-2002-_-Square.jpg 800w, https:\/\/www.drmeunier.be\/wp-content\/uploads\/2024\/09\/Synoptophore-Clement-Clarke-CC-2002-_-Square-300x188.jpg 300w, https:\/\/www.drmeunier.be\/wp-content\/uploads\/2024\/09\/Synoptophore-Clement-Clarke-CC-2002-_-Square-768x480.jpg 768w\" sizes=\"(max-width: 800px) 100vw, 800px\" \/>\t<\/div><\/figure>  <div class=\"grve-box-content\"><h3 class=\"grve-box-title grve-h3\">Un synoptophore<\/h3>    <p>Cet appareil permet de pr\u00e9senter \u00e0 chaque \u0153il une image diff\u00e9rente gr\u00e2ce \u00e0 deux bras mont\u00e9s sur une base et munis de miroirs et de lentilles. Cela permet, entre autres, de tester les vergences et si la correspondance r\u00e9tinienne est normale. Il est utilis\u00e9 dans les bilans en orthopsie et en bilan dans les strabismes. Il est \u00e9galement utilis\u00e9 dans les r\u00e9\u00e9ducations orthoptiques par exemple des troubles de la convergence.<\/p>  <\/div><\/div>[\/vc_column][vc_column width=\u00a0\u00bb1\/3&Prime; heading_color=\u00a0\u00bbprimary-2&Prime;][\/vc_column][vc_column width=\u00a0\u00bb1\/3&Prime;][\/vc_column][\/vc_row]<\/p>\n<\/div>","protected":false},"excerpt":{"rendered":"<p>[vc_row heading_color=\u00a0\u00bbprimary-2&Prime; padding_top_multiplier=\u00a0\u00bb3x\u00a0\u00bb padding_bottom_multiplier=\u00a0\u00bb3x\u00a0\u00bb columns_gap=\u00a0\u00bb60&Prime;][vc_column width=\u00a0\u00bb1\/6&Prime; tablet_sm_width=\u00a0\u00bbhide\u00a0\u00bb mobile_width=\u00a0\u00bbhide\u00a0\u00bb][\/vc_column][vc_column width=\u00a0\u00bb2\/3&Prime; tablet_sm_width=\u00a0\u00bb1&Prime; text_align=\u00a0\u00bbcenter\u00a0\u00bb][vc_column_text css=\u00a0\u00bb\u00a0\u00bb text_style=\u00a0\u00bbleader-text\u00a0\u00bb animation=\u00a0\u00bbgrve-fade-in-up\u00a0\u00bb animation_delay=\u00a0\u00bb400&Prime;]Le cabinet d&rsquo;ophtalmologie du docteur Meunier est un espace d\u00e9di\u00e9 \u00e0 une m\u00e9decine de qualit\u00e9 dans un cadre serein et harmonieux. Tout est mis en place pour favoriser une relation humaine et de confiance entre le patient et son m\u00e9decin. Soucieuse [&hellip;]<\/p>\n","protected":false},"author":1,"featured_media":0,"parent":0,"menu_order":0,"comment_status":"closed","ping_status":"closed","template":"","meta":{"inline_featured_image":false,"footnotes":""},"class_list":["post-134","page","type-page","status-publish","hentry"],"_links":{"self":[{"href":"https:\/\/www.drmeunier.be\/fr\/wp-json\/wp\/v2\/pages\/134","targetHints":{"allow":["GET"]}}],"collection":[{"href":"https:\/\/www.drmeunier.be\/fr\/wp-json\/wp\/v2\/pages"}],"about":[{"href":"https:\/\/www.drmeunier.be\/fr\/wp-json\/wp\/v2\/types\/page"}],"author":[{"embeddable":true,"href":"https:\/\/www.drmeunier.be\/fr\/wp-json\/wp\/v2\/users\/1"}],"replies":[{"embeddable":true,"href":"https:\/\/www.drmeunier.be\/fr\/wp-json\/wp\/v2\/comments?post=134"}],"version-history":[{"count":25,"href":"https:\/\/www.drmeunier.be\/fr\/wp-json\/wp\/v2\/pages\/134\/revisions"}],"predecessor-version":[{"id":793,"href":"https:\/\/www.drmeunier.be\/fr\/wp-json\/wp\/v2\/pages\/134\/revisions\/793"}],"wp:attachment":[{"href":"https:\/\/www.drmeunier.be\/fr\/wp-json\/wp\/v2\/media?parent=134"}],"curies":[{"name":"wp","href":"https:\/\/api.w.org\/{rel}","templated":true}]}}